{"id":11644,"date":"2025-12-17T09:35:23","date_gmt":"2025-12-17T08:35:23","guid":{"rendered":"http:\/\/41.111.234.112\/ar?page_id=11644"},"modified":"2026-02-05T08:49:29","modified_gmt":"2026-02-05T07:49:29","slug":"akli-mohand-oulhadj","status":"publish","type":"page","link":"http:\/\/virtuel.univ-bouira.dz\/ar\/akli-mohand-oulhadj\/?lang=fr","title":{"rendered":"Akli Mohand Oulhadj"},"content":{"rendered":"\t\t<div data-elementor-type=\"wp-page\" data-elementor-id=\"11644\" class=\"elementor elementor-11644 elementor-10562\" data-elementor-settings=\"{&quot;ha_cmc_init_switcher&quot;:&quot;no&quot;}\">\n\t\t\t\t<div class=\"elementor-element elementor-element-ba3b539 e-con-full e-flex wpr-particle-no wpr-jarallax-no wpr-parallax-no wpr-sticky-section-no e-con e-parent\" data-id=\"ba3b539\" data-element_type=\"container\" data-e-type=\"container\" data-settings=\"{&quot;_ha_eqh_enable&quot;:false}\">\n\t\t\t\t<div class=\"elementor-element elementor-element-6f3f192 elementor-widget elementor-widget-image\" data-id=\"6f3f192\" data-element_type=\"widget\" data-e-type=\"widget\" data-widget_type=\"image.default\">\n\t\t\t\t<div class=\"elementor-widget-container\">\n\t\t\t\t\t\t\t\t\t\t\t\t\t\t\t<img fetchpriority=\"high\" decoding=\"async\" width=\"864\" height=\"1184\" src=\"http:\/\/virtuel.univ-bouira.dz\/ar\/wp-content\/uploads\/2025\/12\/Generated-Image-December-17-2025-8_28AM.png\" class=\"attachment-full size-full wp-image-11645\" alt=\"\" srcset=\"http:\/\/virtuel.univ-bouira.dz\/ar\/wp-content\/uploads\/2025\/12\/Generated-Image-December-17-2025-8_28AM.png 864w, http:\/\/virtuel.univ-bouira.dz\/ar\/wp-content\/uploads\/2025\/12\/Generated-Image-December-17-2025-8_28AM-219x300.png 219w, http:\/\/virtuel.univ-bouira.dz\/ar\/wp-content\/uploads\/2025\/12\/Generated-Image-December-17-2025-8_28AM-747x1024.png 747w, http:\/\/virtuel.univ-bouira.dz\/ar\/wp-content\/uploads\/2025\/12\/Generated-Image-December-17-2025-8_28AM-768x1052.png 768w\" sizes=\"(max-width: 864px) 100vw, 864px\" \/>\t\t\t\t\t\t\t\t\t\t\t\t\t\t\t<\/div>\n\t\t\t\t<\/div>\n\t\t\t\t<div class=\"elementor-element elementor-element-a61a0a2 elementor-widget elementor-widget-text-editor\" data-id=\"a61a0a2\" data-element_type=\"widget\" data-e-type=\"widget\" data-widget_type=\"text-editor.default\">\n\t\t\t\t<div class=\"elementor-widget-container\">\n\t\t\t\t\t\t\t\t\t<p data-start=\"37\" data-end=\"287\"><strong data-start=\"37\" data-end=\"67\">Si Mohand Oulhadj (1911-1972)<\/strong>, colonel de l&#8217;Arm\u00e9e de lib\u00e9ration nationale alg\u00e9rienne et commandant de la wilaya historique III pendant la guerre de lib\u00e9ration, a occup\u00e9 apr\u00e8s l&#8217;ind\u00e9pendance plusieurs postes importants, notamment commandant de la r\u00e9gion militaire VII, responsable de l&#8217;organisation au secr\u00e9tariat du Front de lib\u00e9ration nationale et membre du Conseil de la r\u00e9volution.<\/p><p data-start=\"289\" data-end=\"504\">N\u00e9 le 7 mars 1911 au village de Bouzegane, wilaya de Tizi Ouzou, il a souffert de conditions familiales difficiles apr\u00e8s la mort de son p\u00e8re, ce qui lui a donn\u00e9 patience et pers\u00e9v\u00e9rance. Il a travaill\u00e9 dans la forge et le commerce et a contribu\u00e9 \u00e0 l&#8217;am\u00e9lioration des conditions de vie des membres de sa communaut\u00e9, tout en participant \u00e0 l&#8217;activit\u00e9 politique avant la r\u00e9volution.     <\/p><p data-start=\"506\" data-end=\"768\">Il a particip\u00e9 d\u00e8s le d\u00e9but \u00e0 la r\u00e9volution alg\u00e9rienne, organisant des r\u00e9unions, collectant des fonds et impliquant sa famille dans l&#8217;action r\u00e9volutionnaire. Il a gravi les \u00e9chelons militaires jusqu&#8217;\u00e0 devenir colonel et commandant de la wilaya III. Il a dirig\u00e9 les op\u00e9rations de r\u00e9sistance contre l&#8217;occupation fran\u00e7aise et a maintenu l&#8217;unit\u00e9 des moudjahidine, \u00e9tant surnomm\u00e9 \u00ab Amghar \u00bb (le sage) en reconnaissance de sa sagesse.      <\/p><p data-start=\"770\" data-end=\"993\">Apr\u00e8s l&#8217;ind\u00e9pendance, il a particip\u00e9 au hissement du drapeau alg\u00e9rien et a occup\u00e9 d&#8217;importantes fonctions militaires et politiques. Il a pris part \u00e0 certains grands \u00e9v\u00e9nements politiques post-ind\u00e9pendance, avant de d\u00e9c\u00e9der le 2 d\u00e9cembre 1972 en France et d&#8217;\u00eatre inhum\u00e9 dans son village natal. En son honneur, l&#8217;universit\u00e9 de Bouira porte son nom.     <\/p>\t\t\t\t\t\t\t\t<\/div>\n\t\t\t\t<\/div>\n\t\t\t\t<\/div>\n\t\t\t\t<\/div>\n\t\t","protected":false},"excerpt":{"rendered":"<p>Si Mohand Oulhadj (1911-1972), colonel de l&#8217;Arm\u00e9e de lib\u00e9ration nationale alg\u00e9rienne et commandant de la wilaya historique III pendant la<\/p>\n","protected":false},"author":1,"featured_media":0,"parent":0,"menu_order":0,"comment_status":"closed","ping_status":"closed","template":"","meta":{"_EventAllDay":false,"_EventTimezone":"","_EventStartDate":"","_EventEndDate":"","_EventStartDateUTC":"","_EventEndDateUTC":"","_EventShowMap":false,"_EventShowMapLink":false,"_EventURL":"","_EventCost":"","_EventCostDescription":"","_EventCurrencySymbol":"","_EventCurrencyCode":"","_EventCurrencyPosition":"","_EventDateTimeSeparator":"","_EventTimeRangeSeparator":"","_EventOrganizerID":[],"_EventVenueID":[],"_OrganizerEmail":"","_OrganizerPhone":"","_OrganizerWebsite":"","_VenueAddress":"","_VenueCity":"","_VenueCountry":"","_VenueProvince":"","_VenueState":"","_VenueZip":"","_VenuePhone":"","_VenueURL":"","_VenueStateProvince":"","_VenueLat":"","_VenueLng":"","_VenueShowMap":false,"_VenueShowMapLink":false,"footnotes":""},"class_list":["post-11644","page","type-page","status-publish","hentry"],"yoast_head":"<!-- This site is optimized with the Yoast SEO Premium plugin v26.8 (Yoast SEO v26.8) - https:\/\/yoast.com\/product\/yoast-seo-premium-wordpress\/ -->\n<title>Akli Mohand Oulhadj - \u062c\u0627\u0645\u0639\u0629 \u0623\u0643\u0644\u064a \u0645\u062d\u0646\u062f \u0623\u0648\u0644\u062d\u0627\u062c<\/title>\n<meta name=\"robots\" content=\"index, follow, max-snippet:-1, max-image-preview:large, max-video-preview:-1\" \/>\n<link rel=\"canonical\" href=\"http:\/\/virtuel.univ-bouira.dz\/ar\/akli-mohand-oulhadj\/\" \/>\n<meta property=\"og:locale\" content=\"ar_AR\" \/>\n<meta property=\"og:type\" content=\"article\" \/>\n<meta property=\"og:title\" content=\"Akli Mohand Oulhadj\" \/>\n<meta property=\"og:description\" content=\"Si Mohand Oulhadj (1911-1972), colonel de l&#8217;Arm\u00e9e de lib\u00e9ration nationale alg\u00e9rienne et commandant de la wilaya historique III pendant la\" \/>\n<meta property=\"og:url\" content=\"http:\/\/virtuel.univ-bouira.dz\/ar\/akli-mohand-oulhadj\/?lang=fr\" \/>\n<meta property=\"og:site_name\" content=\"\u062c\u0627\u0645\u0639\u0629 \u0623\u0643\u0644\u064a \u0645\u062d\u0646\u062f \u0623\u0648\u0644\u062d\u0627\u062c\" \/>\n<meta property=\"article:modified_time\" content=\"2026-02-05T07:49:29+00:00\" \/>\n<meta property=\"og:image\" content=\"http:\/\/virtuel.univ-bouira.dz\/ar\/wp-content\/uploads\/2025\/12\/Generated-Image-December-17-2025-8_28AM.png\" \/>\n\t<meta property=\"og:image:width\" content=\"864\" \/>\n\t<meta property=\"og:image:height\" content=\"1184\" \/>\n\t<meta property=\"og:image:type\" content=\"image\/png\" \/>\n<meta name=\"twitter:card\" content=\"summary_large_image\" \/>\n<meta name=\"twitter:label1\" content=\"\u0648\u0642\u062a \u0627\u0644\u0642\u0631\u0627\u0621\u0629 \u0627\u0644\u0645\u064f\u0642\u062f\u0651\u0631\" \/>\n\t<meta name=\"twitter:data1\" content=\"1 \u062f\u0642\u064a\u0642\u0629\" \/>\n<script type=\"application\/ld+json\" class=\"yoast-schema-graph\">{\"@context\":\"https:\/\/schema.org\",\"@graph\":[{\"@type\":\"WebPage\",\"@id\":\"http:\/\/virtuel.univ-bouira.dz\/ar\/akli-mohand-oulhadj\/?lang=fr\",\"url\":\"http:\/\/virtuel.univ-bouira.dz\/ar\/akli-mohand-oulhadj\/?lang=fr\",\"name\":\"Akli Mohand Oulhadj - \u062c\u0627\u0645\u0639\u0629 \u0623\u0643\u0644\u064a \u0645\u062d\u0646\u062f \u0623\u0648\u0644\u062d\u0627\u062c\",\"isPartOf\":{\"@id\":\"http:\/\/virtuel.univ-bouira.dz\/ar\/#website\"},\"primaryImageOfPage\":{\"@id\":\"http:\/\/virtuel.univ-bouira.dz\/ar\/akli-mohand-oulhadj\/?lang=fr#primaryimage\"},\"image\":{\"@id\":\"http:\/\/virtuel.univ-bouira.dz\/ar\/akli-mohand-oulhadj\/?lang=fr#primaryimage\"},\"thumbnailUrl\":\"http:\/\/virtuel.univ-bouira.dz\/ar\/wp-content\/uploads\/2025\/12\/Generated-Image-December-17-2025-8_28AM.png\",\"datePublished\":\"2025-12-17T08:35:23+00:00\",\"dateModified\":\"2026-02-05T07:49:29+00:00\",\"breadcrumb\":{\"@id\":\"http:\/\/virtuel.univ-bouira.dz\/ar\/akli-mohand-oulhadj\/?lang=fr#breadcrumb\"},\"inLanguage\":\"ar\",\"potentialAction\":[{\"@type\":\"ReadAction\",\"target\":[\"http:\/\/virtuel.univ-bouira.dz\/ar\/akli-mohand-oulhadj\/?lang=fr\"]}]},{\"@type\":\"ImageObject\",\"inLanguage\":\"ar\",\"@id\":\"http:\/\/virtuel.univ-bouira.dz\/ar\/akli-mohand-oulhadj\/?lang=fr#primaryimage\",\"url\":\"http:\/\/virtuel.univ-bouira.dz\/ar\/wp-content\/uploads\/2025\/12\/Generated-Image-December-17-2025-8_28AM.png\",\"contentUrl\":\"http:\/\/virtuel.univ-bouira.dz\/ar\/wp-content\/uploads\/2025\/12\/Generated-Image-December-17-2025-8_28AM.png\",\"width\":864,\"height\":1184},{\"@type\":\"BreadcrumbList\",\"@id\":\"http:\/\/virtuel.univ-bouira.dz\/ar\/akli-mohand-oulhadj\/?lang=fr#breadcrumb\",\"itemListElement\":[{\"@type\":\"ListItem\",\"position\":1,\"name\":\"Home\",\"item\":\"http:\/\/virtuel.univ-bouira.dz\/ar\/\"},{\"@type\":\"ListItem\",\"position\":2,\"name\":\"Akli Mohand Oulhadj\"}]},{\"@type\":\"WebSite\",\"@id\":\"http:\/\/virtuel.univ-bouira.dz\/ar\/#website\",\"url\":\"http:\/\/virtuel.univ-bouira.dz\/ar\/\",\"name\":\"\u062c\u0627\u0645\u0639\u0629 \u0623\u0643\u0644\u064a \u0645\u062d\u0646\u062f \u0623\u0648\u0644\u062d\u0627\u062c\",\"description\":\"\u0627\u0644\u0628\u0648\u064a\u0631\u0629\",\"publisher\":{\"@id\":\"http:\/\/virtuel.univ-bouira.dz\/ar\/#organization\"},\"potentialAction\":[{\"@type\":\"SearchAction\",\"target\":{\"@type\":\"EntryPoint\",\"urlTemplate\":\"http:\/\/virtuel.univ-bouira.dz\/ar\/?s={search_term_string}\"},\"query-input\":{\"@type\":\"PropertyValueSpecification\",\"valueRequired\":true,\"valueName\":\"search_term_string\"}}],\"inLanguage\":\"ar\"},{\"@type\":\"Organization\",\"@id\":\"http:\/\/virtuel.univ-bouira.dz\/ar\/#organization\",\"name\":\"\u062c\u0627\u0645\u0639\u0629 \u0623\u0643\u0644\u064a \u0645\u062d\u0646\u062f \u0623\u0648\u0644\u062d\u0627\u062c\",\"url\":\"http:\/\/virtuel.univ-bouira.dz\/ar\/\",\"logo\":{\"@type\":\"ImageObject\",\"inLanguage\":\"ar\",\"@id\":\"http:\/\/virtuel.univ-bouira.dz\/ar\/#\/schema\/logo\/image\/\",\"url\":\"http:\/\/41.111.234.112\/ar\/wp-content\/uploads\/2025\/10\/UB-LOGO.png\",\"contentUrl\":\"http:\/\/41.111.234.112\/ar\/wp-content\/uploads\/2025\/10\/UB-LOGO.png\",\"width\":386,\"height\":512,\"caption\":\"\u062c\u0627\u0645\u0639\u0629 \u0623\u0643\u0644\u064a \u0645\u062d\u0646\u062f \u0623\u0648\u0644\u062d\u0627\u062c\"},\"image\":{\"@id\":\"http:\/\/virtuel.univ-bouira.dz\/ar\/#\/schema\/logo\/image\/\"}}]}<\/script>\n<!-- \/ Yoast SEO Premium plugin. -->","yoast_head_json":{"title":"Akli Mohand Oulhadj - \u062c\u0627\u0645\u0639\u0629 \u0623\u0643\u0644\u064a \u0645\u062d\u0646\u062f \u0623\u0648\u0644\u062d\u0627\u062c","robots":{"index":"index","follow":"follow","max-snippet":"max-snippet:-1","max-image-preview":"max-image-preview:large","max-video-preview":"max-video-preview:-1"},"canonical":"http:\/\/virtuel.univ-bouira.dz\/ar\/akli-mohand-oulhadj\/","og_locale":"ar_AR","og_type":"article","og_title":"Akli Mohand Oulhadj","og_description":"Si Mohand Oulhadj (1911-1972), colonel de l&#8217;Arm\u00e9e de lib\u00e9ration nationale alg\u00e9rienne et commandant de la wilaya historique III pendant la","og_url":"http:\/\/virtuel.univ-bouira.dz\/ar\/akli-mohand-oulhadj\/?lang=fr","og_site_name":"\u062c\u0627\u0645\u0639\u0629 \u0623\u0643\u0644\u064a \u0645\u062d\u0646\u062f \u0623\u0648\u0644\u062d\u0627\u062c","article_modified_time":"2026-02-05T07:49:29+00:00","og_image":[{"width":864,"height":1184,"url":"http:\/\/virtuel.univ-bouira.dz\/ar\/wp-content\/uploads\/2025\/12\/Generated-Image-December-17-2025-8_28AM.png","type":"image\/png"}],"twitter_card":"summary_large_image","twitter_misc":{"\u0648\u0642\u062a \u0627\u0644\u0642\u0631\u0627\u0621\u0629 \u0627\u0644\u0645\u064f\u0642\u062f\u0651\u0631":"1 \u062f\u0642\u064a\u0642\u0629"},"schema":{"@context":"https:\/\/schema.org","@graph":[{"@type":"WebPage","@id":"http:\/\/virtuel.univ-bouira.dz\/ar\/akli-mohand-oulhadj\/?lang=fr","url":"http:\/\/virtuel.univ-bouira.dz\/ar\/akli-mohand-oulhadj\/?lang=fr","name":"Akli Mohand Oulhadj - \u062c\u0627\u0645\u0639\u0629 \u0623\u0643\u0644\u064a \u0645\u062d\u0646\u062f \u0623\u0648\u0644\u062d\u0627\u062c","isPartOf":{"@id":"http:\/\/virtuel.univ-bouira.dz\/ar\/#website"},"primaryImageOfPage":{"@id":"http:\/\/virtuel.univ-bouira.dz\/ar\/akli-mohand-oulhadj\/?lang=fr#primaryimage"},"image":{"@id":"http:\/\/virtuel.univ-bouira.dz\/ar\/akli-mohand-oulhadj\/?lang=fr#primaryimage"},"thumbnailUrl":"http:\/\/virtuel.univ-bouira.dz\/ar\/wp-content\/uploads\/2025\/12\/Generated-Image-December-17-2025-8_28AM.png","datePublished":"2025-12-17T08:35:23+00:00","dateModified":"2026-02-05T07:49:29+00:00","breadcrumb":{"@id":"http:\/\/virtuel.univ-bouira.dz\/ar\/akli-mohand-oulhadj\/?lang=fr#breadcrumb"},"inLanguage":"ar","potentialAction":[{"@type":"ReadAction","target":["http:\/\/virtuel.univ-bouira.dz\/ar\/akli-mohand-oulhadj\/?lang=fr"]}]},{"@type":"ImageObject","inLanguage":"ar","@id":"http:\/\/virtuel.univ-bouira.dz\/ar\/akli-mohand-oulhadj\/?lang=fr#primaryimage","url":"http:\/\/virtuel.univ-bouira.dz\/ar\/wp-content\/uploads\/2025\/12\/Generated-Image-December-17-2025-8_28AM.png","contentUrl":"http:\/\/virtuel.univ-bouira.dz\/ar\/wp-content\/uploads\/2025\/12\/Generated-Image-December-17-2025-8_28AM.png","width":864,"height":1184},{"@type":"BreadcrumbList","@id":"http:\/\/virtuel.univ-bouira.dz\/ar\/akli-mohand-oulhadj\/?lang=fr#breadcrumb","itemListElement":[{"@type":"ListItem","position":1,"name":"Home","item":"http:\/\/virtuel.univ-bouira.dz\/ar\/"},{"@type":"ListItem","position":2,"name":"Akli Mohand Oulhadj"}]},{"@type":"WebSite","@id":"http:\/\/virtuel.univ-bouira.dz\/ar\/#website","url":"http:\/\/virtuel.univ-bouira.dz\/ar\/","name":"\u062c\u0627\u0645\u0639\u0629 \u0623\u0643\u0644\u064a \u0645\u062d\u0646\u062f \u0623\u0648\u0644\u062d\u0627\u062c","description":"\u0627\u0644\u0628\u0648\u064a\u0631\u0629","publisher":{"@id":"http:\/\/virtuel.univ-bouira.dz\/ar\/#organization"},"potentialAction":[{"@type":"SearchAction","target":{"@type":"EntryPoint","urlTemplate":"http:\/\/virtuel.univ-bouira.dz\/ar\/?s={search_term_string}"},"query-input":{"@type":"PropertyValueSpecification","valueRequired":true,"valueName":"search_term_string"}}],"inLanguage":"ar"},{"@type":"Organization","@id":"http:\/\/virtuel.univ-bouira.dz\/ar\/#organization","name":"\u062c\u0627\u0645\u0639\u0629 \u0623\u0643\u0644\u064a \u0645\u062d\u0646\u062f \u0623\u0648\u0644\u062d\u0627\u062c","url":"http:\/\/virtuel.univ-bouira.dz\/ar\/","logo":{"@type":"ImageObject","inLanguage":"ar","@id":"http:\/\/virtuel.univ-bouira.dz\/ar\/#\/schema\/logo\/image\/","url":"http:\/\/41.111.234.112\/ar\/wp-content\/uploads\/2025\/10\/UB-LOGO.png","contentUrl":"http:\/\/41.111.234.112\/ar\/wp-content\/uploads\/2025\/10\/UB-LOGO.png","width":386,"height":512,"caption":"\u062c\u0627\u0645\u0639\u0629 \u0623\u0643\u0644\u064a \u0645\u062d\u0646\u062f \u0623\u0648\u0644\u062d\u0627\u062c"},"image":{"@id":"http:\/\/virtuel.univ-bouira.dz\/ar\/#\/schema\/logo\/image\/"}}]}},"rttpg_featured_image_url":null,"rttpg_author":{"display_name":"kamelar","author_link":"http:\/\/virtuel.univ-bouira.dz\/ar\/author\/kamelar\/"},"rttpg_comment":0,"rttpg_category":false,"rttpg_excerpt":"Si Mohand Oulhadj (1911-1972), colonel de l&#8217;Arm\u00e9e de lib\u00e9ration nationale alg\u00e9rienne et commandant de la wilaya historique III pendant la","_links":{"self":[{"href":"http:\/\/virtuel.univ-bouira.dz\/ar\/wp-json\/wp\/v2\/pages\/11644","targetHints":{"allow":["GET"]}}],"collection":[{"href":"http:\/\/virtuel.univ-bouira.dz\/ar\/wp-json\/wp\/v2\/pages"}],"about":[{"href":"http:\/\/virtuel.univ-bouira.dz\/ar\/wp-json\/wp\/v2\/types\/page"}],"author":[{"embeddable":true,"href":"http:\/\/virtuel.univ-bouira.dz\/ar\/wp-json\/wp\/v2\/users\/1"}],"replies":[{"embeddable":true,"href":"http:\/\/virtuel.univ-bouira.dz\/ar\/wp-json\/wp\/v2\/comments?post=11644"}],"version-history":[{"count":2,"href":"http:\/\/virtuel.univ-bouira.dz\/ar\/wp-json\/wp\/v2\/pages\/11644\/revisions"}],"predecessor-version":[{"id":12938,"href":"http:\/\/virtuel.univ-bouira.dz\/ar\/wp-json\/wp\/v2\/pages\/11644\/revisions\/12938"}],"wp:attachment":[{"href":"http:\/\/virtuel.univ-bouira.dz\/ar\/wp-json\/wp\/v2\/media?parent=11644"}],"curies":[{"name":"wp","href":"https:\/\/api.w.org\/{rel}","templated":true}]}}