{"id":15029,"date":"2018-08-11T18:08:28","date_gmt":"2018-08-11T17:08:28","guid":{"rendered":"http:\/\/virtuel.univ-bouira.dz\/ar\/luniversite-en-chiffres\/recteur-de-luniversite\/"},"modified":"2026-02-16T15:13:13","modified_gmt":"2026-02-16T14:13:13","slug":"recteur-de-luniversite","status":"publish","type":"page","link":"http:\/\/virtuel.univ-bouira.dz\/ar\/recteur-de-luniversite\/?lang=fr","title":{"rendered":"Recteur de l&#8217;Universit\u00e9"},"content":{"rendered":"\t\t<div data-elementor-type=\"wp-page\" data-elementor-id=\"15029\" class=\"elementor elementor-15029 elementor-5814\" data-elementor-settings=\"{&quot;ha_cmc_init_switcher&quot;:&quot;no&quot;}\">\n\t\t\t\t<div class=\"elementor-element elementor-element-8b03c12 e-flex e-con-boxed wpr-particle-no wpr-jarallax-no wpr-parallax-no wpr-sticky-section-no e-con e-parent\" data-id=\"8b03c12\" data-element_type=\"container\" data-e-type=\"container\" data-settings=\"{&quot;_ha_eqh_enable&quot;:false}\">\n\t\t\t\t\t<div class=\"e-con-inner\">\n\t\t<div class=\"elementor-element elementor-element-151cdc0 e-con-full e-flex wpr-particle-no wpr-jarallax-no wpr-parallax-no wpr-sticky-section-no e-con e-child\" data-id=\"151cdc0\" data-element_type=\"container\" data-e-type=\"container\" data-settings=\"{&quot;_ha_eqh_enable&quot;:false}\">\n\t\t\t\t<div class=\"elementor-element elementor-element-b8de776 elementor-widget elementor-widget-ucaddon_image_card_content_box\" data-id=\"b8de776\" data-element_type=\"widget\" data-e-type=\"widget\" data-widget_type=\"ucaddon_image_card_content_box.default\">\n\t\t\t\t<div class=\"elementor-widget-container\">\n\t\t\t\t\t\n<!-- start Image Card -->\n<style>\/* widget: Image Card *\/\n\n#uc_image_card_content_box_elementor_b8de776 *{\n\tbox-sizing: border-box;\n}\n\n#uc_image_card_content_box_elementor_b8de776 {\n\tfont-size:14px;\n\toverflow:hidden;\n\tcolor:#8a8a8a;\n\ttext-align:center;\n\tposition:relative;\n\twidth:100%;\n}\n#uc_image_card_content_box_elementor_b8de776  .uc_classic_content_border{\n\tdisplay:block;\n    margin: 0 auto;\n}\n\n#uc_image_card_content_box_elementor_b8de776 .uc_classic_content_placeholder{\n  overflow:hidden;\n}\n#uc_image_card_content_box_elementor_b8de776 .uc_classic_content_placeholder img{\n\twidth:100%;\n}\n\n#uc_image_card_content_box_elementor_b8de776 .uc_classic_content_content {\n display: flex;\n flex-flow: column nowrap;\n}\n\n#uc_image_card_content_box_elementor_b8de776 .btn_wrap{\n  margin-top:auto;\n}\n#uc_image_card_content_box_elementor_b8de776 .uc_btn{\n\ttext-decoration:none;\n    text-align:center;\n    align-items:center;\n    justify-content:center;\n    text-align:center;\n}\n\n\n\n.uc_classic_content{\n    box-shadow:rgba(0,0,0,0.10) 0px 5px 20px;\n}\n\n<\/style>\n\n<div class=\"uc_classic_content\" id=\"uc_image_card_content_box_elementor_b8de776\">\n  <span class=\"uc_classic_content_border\"><\/span>\n  <div class=\"uc_classic_content_container_holder\">\n           <div class=\"uc_classic_content_placeholder\">\n                      <img decoding=\"async\" src=\"http:\/\/virtuel.univ-bouira.dz\/ar\/wp-content\/uploads\/2025\/10\/494111865_1149471603891570_1518710395218951722_n.jpg\" alt=\"494111865_1149471603891570_1518710395218951722_n\">\n                 <\/div>\n        <div class=\"uc_classic_content_content\">\n      <div  class=\"ue-title\">Professeur Ali Largat<\/div>        <div class=\"ue-text\"><p>occupe le professeur Ali Largat le poste de directeur de l'universit\u00e9 depuis 2025. Il est chercheur \u00e9minent dans le domaine - et le d\u00e9veloppement de l'enseignement sup\u00e9rieur. <\/p><\/div>                      <div class=\"btn_wrap\">\n              <a class=\"uc_more_btn  uc_btn\" href=\"#\" >\n                                Biographie Personnelle\n              <\/a>\n            <\/div>\n              <\/div>\n  <\/div>\n  <\/div>\n<!-- end Image Card -->\t\t\t\t<\/div>\n\t\t\t\t<\/div>\n\t\t\t\t<\/div>\n\t\t<div class=\"elementor-element elementor-element-9b146e5 e-con-full e-flex wpr-particle-no wpr-jarallax-no wpr-parallax-no wpr-sticky-section-no e-con e-child\" data-id=\"9b146e5\" data-element_type=\"container\" data-e-type=\"container\" data-settings=\"{&quot;background_background&quot;:&quot;classic&quot;,&quot;_ha_eqh_enable&quot;:false}\">\n\t\t\t\t<div class=\"elementor-element elementor-element-6c3d050 elementor-align-right elementor-tablet-align-left elementor-mobile-align-center elementor-widget elementor-widget-xpro-block-quote\" data-id=\"6c3d050\" data-element_type=\"widget\" data-e-type=\"widget\" data-widget_type=\"xpro-block-quote.default\">\n\t\t\t\t<div class=\"elementor-widget-container\">\n\t\t\t\t\t<div class=\"xpro-block-quote-wrapper xpro-block-quote-layout-10\">\n\t<div class=\"xpro-block-quote-inner\">\n\t\t\t\t\t<span class=\"xpro-block-quote-icon\">\n\t\t\t<i aria-hidden=\"true\" class=\"fas fa-quote-left\"><\/i>\t\t\t<\/span>\n\t\t\n\t\t<div class=\"xpro-block-quote-content\">\n\t\t\t\n\t\t\t<div class=\"xpro-block-quote-content-wrap\">\n\n\t\t\t\t\t\t\t\t\t<!-- Text -->\n\t\t\t\t\t<p class=\"xpro-block-quote-text\">\"\u0625\u0646\u0646\u0627 \u0627\u0644\u064a\u0648\u0645 \u0644\u0627 \u0646\u0628\u0646\u064a \u0645\u062c\u0631\u062f \u0645\u0628\u0627\u0646\u064d \u0623\u0643\u0627\u062f\u064a\u0645\u064a\u0629\u060c \u0628\u0644 \u0646\u0628\u0646\u064a \u0639\u0642\u0648\u0644\u0627\u064b \u0633\u062a\u0634\u0643\u0644 \u0645\u0644\u0627\u0645\u062d \u0627\u0644\u0645\u0633\u062a\u0642\u0628\u0644 \u0644\u0648\u0637\u0646\u0646\u0627 \u0627\u0644\u063a\u0627\u0644\u064a.\"<\/p>\n\t\t\t\t\n\t\t\t\t<div class=\"xpro-block-quote-desc\">\n\t\t\t\t\t\n\t\t\t\t\t\n\t\t\t\t<\/div>\n\t\t\t<\/div>\n\t\t<\/div>\n\t<\/div>\n<\/div>\n\t\t\t\t<\/div>\n\t\t\t\t<\/div>\n\t\t\t\t<div class=\"elementor-element elementor-element-34a4b37 elementor-widget elementor-widget-elementskit-heading\" data-id=\"34a4b37\" data-element_type=\"widget\" data-e-type=\"widget\" data-widget_type=\"elementskit-heading.default\">\n\t\t\t\t<div class=\"elementor-widget-container\">\n\t\t\t\t\t<div class=\"ekit-wid-con\" ><div class=\"ekit-heading elementskit-section-title-wraper text_right   ekit_heading_tablet-   ekit_heading_mobile-\"><h6 class=\"ekit-heading--subtitle elementskit-section-subtitle  \">\n\t\t\t\t\t\tAu nom de Dieu, le Tout Mis\u00e9ricordieux, le Tr\u00e8s Mis\u00e9ricordieux, que la paix et les b\u00e9n\u00e9dictions soient sur le plus noble des messagers, notre ma\u00eetre Muhammad, ainsi que sur sa famille et tous ses compagnons.  \n\t\t\t\t\t<\/h6>\t\t\t\t<div class='ekit-heading__description'>\n\t\t\t\t\t<p class=\"\">Mes \u00e9tudiants, mes coll\u00e8gues les membres du corps enseignant, et le personnel honorable,  <\/p>\n<p class=\"\">Je suis heureux de vous accueillir tous dans notre universit\u00e9 prestigieuse \u00e0 l'aube de cette nouvelle ann\u00e9e universitaire, qui, nous l'esp\u00e9rons, sera riche en r\u00e9alisations et en succ\u00e8s. Notre universit\u00e9 est aujourd'hui \u00e0 l'aube d'une nouvelle phase de d\u00e9veloppement et de modernisation, fond\u00e9e sur son h\u00e9ritage acad\u00e9mique prestigieux et ses aspirations ambitieuses pour l'avenir.   <\/p>\n<p class=\"\">Les d\u00e9fis auxquels le monde est confront\u00e9 aujourd'hui exigent que nous soyons plus flexibles et innovants dans nos m\u00e9thodes d'enseignement et de recherche scientifique. L'enseignement n'est plus seulement un simple transfert de connaissances, mais un processus interactif visant \u00e0 forger la personnalit\u00e9 et \u00e0 d\u00e9velopper les capacit\u00e9s critiques et cr\u00e9atives des \u00e9tudiants. Dans cette optique, nous avons \u00e9labor\u00e9 un plan strat\u00e9gique ambitieux visant \u00e0 int\u00e9grer les technologies modernes, notamment l'intelligence artificielle, \u00e0 tous les niveaux du processus \u00e9ducatif.      <\/p>\n<p class=\"\">Nous croyons que l'universit\u00e9 n'est pas seulement un lieu d'\u00e9tude, mais aussi un incubateur d'id\u00e9es et un phare pour la soci\u00e9t\u00e9. C'est pourquoi nous nous efforcerons de renforcer les partenariats avec le secteur industriel et les institutions communautaires afin de garantir que nos r\u00e9sultats de recherche aient une valeur pratique et contribuent \u00e0 r\u00e9soudre les probl\u00e8mes r\u00e9els auxquels notre soci\u00e9t\u00e9 est confront\u00e9e.   <\/p>\n<p class=\"\">Je vous invite tous, \u00e9tudiants et professeurs, \u00e0 participer activement aux activit\u00e9s universitaires, et \u00e0 tirer le meilleur parti des ressources mis \u00e0 votre disposition . Le succ\u00e8s de l'universit\u00e9 est le succ\u00e8s de chaque individu qui la compose, et votre excellence est ce qui fait la r\u00e9putation de cette institution.     <\/p>\n<p class=\"\">Pour conclure, je demande \u00e0 Dieu le Tout-Puissant le Tout-Puissant de nous accorder \u00e0 tous ce qu'il a9&gt; Il aime et satisfait, et qu'Il fasse de cette ann\u00e9e une ann\u00e9e b\u00e9nie et de b\u00e9n\u00e9diction pour nous tous.  <\/p>\n\n<p class=\"\">Que la paix, la mis\u00e9ricorde et les b\u00e9n\u00e9dictions de Dieu soient sur vous.<\/p>\n\t\t\t\t<\/div>\n\t\t\t<\/div><\/div>\t\t\t\t<\/div>\n\t\t\t\t<\/div>\n\t\t\t\t<div class=\"elementor-element elementor-element-eb69be3 elementor-widget-divider--view-line elementor-widget elementor-widget-divider\" data-id=\"eb69be3\" data-element_type=\"widget\" data-e-type=\"widget\" data-widget_type=\"divider.default\">\n\t\t\t\t<div class=\"elementor-widget-container\">\n\t\t\t\t\t\t\t<div class=\"elementor-divider\">\n\t\t\t<span class=\"elementor-divider-separator\">\n\t\t\t\t\t\t<\/span>\n\t\t<\/div>\n\t\t\t\t\t\t<\/div>\n\t\t\t\t<\/div>\n\t\t\t\t<div class=\"elementor-element elementor-element-faec8f4 elementor-widget elementor-widget-elementskit-heading\" data-id=\"faec8f4\" data-element_type=\"widget\" data-e-type=\"widget\" data-widget_type=\"elementskit-heading.default\">\n\t\t\t\t<div class=\"elementor-widget-container\">\n\t\t\t\t\t<div class=\"ekit-wid-con\" ><div class=\"ekit-heading elementskit-section-title-wraper text_right   ekit_heading_tablet-   ekit_heading_mobile-\"><h5 class=\"ekit-heading--title elementskit-section-title \">Professeur Ali Largat<\/h5><p class=\"ekit-heading--subtitle elementskit-section-subtitle  \">\n\t\t\t\t\t\tRecteur de l&#039;Universit\u00e9\n\t\t\t\t\t<\/p><\/div><\/div>\t\t\t\t<\/div>\n\t\t\t\t<\/div>\n\t\t\t\t<\/div>\n\t\t\t\t\t<\/div>\n\t\t\t\t<\/div>\n\t\t<div class=\"elementor-element elementor-element-a73c470 e-flex e-con-boxed wpr-particle-no wpr-jarallax-no wpr-parallax-no wpr-sticky-section-no e-con e-parent\" data-id=\"a73c470\" data-element_type=\"container\" data-e-type=\"container\" data-settings=\"{&quot;_ha_eqh_enable&quot;:false}\">\n\t\t\t\t\t<div class=\"e-con-inner\">\n\t\t\t\t<div class=\"elementor-element elementor-element-4294e74 elementor-widget elementor-widget-spacer\" data-id=\"4294e74\" data-element_type=\"widget\" data-e-type=\"widget\" data-widget_type=\"spacer.default\">\n\t\t\t\t<div class=\"elementor-widget-container\">\n\t\t\t\t\t\t\t<div class=\"elementor-spacer\">\n\t\t\t<div class=\"elementor-spacer-inner\"><\/div>\n\t\t<\/div>\n\t\t\t\t\t\t<\/div>\n\t\t\t\t<\/div>\n\t\t\t\t\t<\/div>\n\t\t\t\t<\/div>\n\t\t\t\t<\/div>\n\t\t","protected":false},"excerpt":{"rendered":"<p>Professeur Ali Largat occupe le professeur Ali Largat le poste de directeur de l&#8217;universit\u00e9 depuis 2025. Il est chercheur \u00e9minent<\/p>\n","protected":false},"author":1,"featured_media":0,"parent":0,"menu_order":0,"comment_status":"closed","ping_status":"closed","template":"elementor_header_footer","meta":{"_EventAllDay":false,"_EventTimezone":"","_EventStartDate":"","_EventEndDate":"","_EventStartDateUTC":"","_EventEndDateUTC":"","_EventShowMap":false,"_EventShowMapLink":false,"_EventURL":"","_EventCost":"","_EventCostDescription":"","_EventCurrencySymbol":"","_EventCurrencyCode":"","_EventCurrencyPosition":"","_EventDateTimeSeparator":"","_EventTimeRangeSeparator":"","_EventOrganizerID":[],"_EventVenueID":[],"_OrganizerEmail":"","_OrganizerPhone":"","_OrganizerWebsite":"","_VenueAddress":"","_VenueCity":"","_VenueCountry":"","_VenueProvince":"","_VenueState":"","_VenueZip":"","_VenuePhone":"","_VenueURL":"","_VenueStateProvince":"","_VenueLat":"","_VenueLng":"","_VenueShowMap":false,"_VenueShowMapLink":false,"footnotes":""},"class_list":["post-15029","page","type-page","status-publish","hentry"],"yoast_head":"<!-- This site is optimized with the Yoast SEO Premium plugin v26.8 (Yoast SEO v26.8) - https:\/\/yoast.com\/product\/yoast-seo-premium-wordpress\/ -->\n<title>Recteur de l&#039;Universit\u00e9 - \u062c\u0627\u0645\u0639\u0629 \u0623\u0643\u0644\u064a \u0645\u062d\u0646\u062f \u0623\u0648\u0644\u062d\u0627\u062c<\/title>\n<meta name=\"robots\" content=\"index, follow, max-snippet:-1, max-image-preview:large, max-video-preview:-1\" \/>\n<link rel=\"canonical\" href=\"http:\/\/virtuel.univ-bouira.dz\/ar\/recteur-de-luniversite\/\" \/>\n<meta property=\"og:locale\" content=\"ar_AR\" \/>\n<meta property=\"og:type\" content=\"article\" \/>\n<meta property=\"og:title\" content=\"Recteur de l&#039;Universit\u00e9\" \/>\n<meta property=\"og:description\" content=\"Professeur Ali Largat occupe le professeur Ali Largat le poste de directeur de l&#8217;universit\u00e9 depuis 2025. Il est chercheur \u00e9minent\" \/>\n<meta property=\"og:url\" content=\"http:\/\/virtuel.univ-bouira.dz\/ar\/recteur-de-luniversite\/?lang=fr\" \/>\n<meta property=\"og:site_name\" content=\"\u062c\u0627\u0645\u0639\u0629 \u0623\u0643\u0644\u064a \u0645\u062d\u0646\u062f \u0623\u0648\u0644\u062d\u0627\u062c\" \/>\n<meta property=\"article:modified_time\" content=\"2026-02-16T14:13:13+00:00\" \/>\n<meta property=\"og:image\" content=\"http:\/\/virtuel.univ-bouira.dz\/ar\/wp-content\/uploads\/2025\/10\/494111865_1149471603891570_1518710395218951722_n.jpg\" \/>\n<meta name=\"twitter:card\" content=\"summary_large_image\" \/>\n<meta name=\"twitter:label1\" content=\"\u0648\u0642\u062a \u0627\u0644\u0642\u0631\u0627\u0621\u0629 \u0627\u0644\u0645\u064f\u0642\u062f\u0651\u0631\" \/>\n\t<meta name=\"twitter:data1\" content=\"8 \u062f\u0642\u0627\u0626\u0642\" \/>\n<script type=\"application\/ld+json\" class=\"yoast-schema-graph\">{\"@context\":\"https:\/\/schema.org\",\"@graph\":[{\"@type\":\"WebPage\",\"@id\":\"http:\/\/virtuel.univ-bouira.dz\/ar\/recteur-de-luniversite\/?lang=fr\",\"url\":\"http:\/\/virtuel.univ-bouira.dz\/ar\/recteur-de-luniversite\/?lang=fr\",\"name\":\"Recteur de l'Universit\u00e9 - \u062c\u0627\u0645\u0639\u0629 \u0623\u0643\u0644\u064a \u0645\u062d\u0646\u062f \u0623\u0648\u0644\u062d\u0627\u062c\",\"isPartOf\":{\"@id\":\"http:\/\/virtuel.univ-bouira.dz\/ar\/#website\"},\"primaryImageOfPage\":{\"@id\":\"http:\/\/virtuel.univ-bouira.dz\/ar\/recteur-de-luniversite\/?lang=fr#primaryimage\"},\"image\":{\"@id\":\"http:\/\/virtuel.univ-bouira.dz\/ar\/recteur-de-luniversite\/?lang=fr#primaryimage\"},\"thumbnailUrl\":\"http:\/\/virtuel.univ-bouira.dz\/ar\/wp-content\/uploads\/2025\/10\/494111865_1149471603891570_1518710395218951722_n.jpg\",\"datePublished\":\"2018-08-11T17:08:28+00:00\",\"dateModified\":\"2026-02-16T14:13:13+00:00\",\"breadcrumb\":{\"@id\":\"http:\/\/virtuel.univ-bouira.dz\/ar\/recteur-de-luniversite\/?lang=fr#breadcrumb\"},\"inLanguage\":\"ar\",\"potentialAction\":[{\"@type\":\"ReadAction\",\"target\":[\"http:\/\/virtuel.univ-bouira.dz\/ar\/recteur-de-luniversite\/?lang=fr\"]}]},{\"@type\":\"ImageObject\",\"inLanguage\":\"ar\",\"@id\":\"http:\/\/virtuel.univ-bouira.dz\/ar\/recteur-de-luniversite\/?lang=fr#primaryimage\",\"url\":\"\",\"contentUrl\":\"\"},{\"@type\":\"BreadcrumbList\",\"@id\":\"http:\/\/virtuel.univ-bouira.dz\/ar\/recteur-de-luniversite\/?lang=fr#breadcrumb\",\"itemListElement\":[{\"@type\":\"ListItem\",\"position\":1,\"name\":\"Home\",\"item\":\"http:\/\/virtuel.univ-bouira.dz\/ar\/\"},{\"@type\":\"ListItem\",\"position\":2,\"name\":\"L&#8217;universit\u00e9 en chiffres\",\"item\":\"http:\/\/virtuel.univ-bouira.dz\/ar\/luniversite-en-chiffres\/\"},{\"@type\":\"ListItem\",\"position\":3,\"name\":\"Recteur de l&#8217;Universit\u00e9\"}]},{\"@type\":\"WebSite\",\"@id\":\"http:\/\/virtuel.univ-bouira.dz\/ar\/#website\",\"url\":\"http:\/\/virtuel.univ-bouira.dz\/ar\/\",\"name\":\"\u062c\u0627\u0645\u0639\u0629 \u0623\u0643\u0644\u064a \u0645\u062d\u0646\u062f \u0623\u0648\u0644\u062d\u0627\u062c\",\"description\":\"\u0627\u0644\u0628\u0648\u064a\u0631\u0629\",\"publisher\":{\"@id\":\"http:\/\/virtuel.univ-bouira.dz\/ar\/#organization\"},\"potentialAction\":[{\"@type\":\"SearchAction\",\"target\":{\"@type\":\"EntryPoint\",\"urlTemplate\":\"http:\/\/virtuel.univ-bouira.dz\/ar\/?s={search_term_string}\"},\"query-input\":{\"@type\":\"PropertyValueSpecification\",\"valueRequired\":true,\"valueName\":\"search_term_string\"}}],\"inLanguage\":\"ar\"},{\"@type\":\"Organization\",\"@id\":\"http:\/\/virtuel.univ-bouira.dz\/ar\/#organization\",\"name\":\"\u062c\u0627\u0645\u0639\u0629 \u0623\u0643\u0644\u064a \u0645\u062d\u0646\u062f \u0623\u0648\u0644\u062d\u0627\u062c\",\"url\":\"http:\/\/virtuel.univ-bouira.dz\/ar\/\",\"logo\":{\"@type\":\"ImageObject\",\"inLanguage\":\"ar\",\"@id\":\"http:\/\/virtuel.univ-bouira.dz\/ar\/#\/schema\/logo\/image\/\",\"url\":\"http:\/\/41.111.234.112\/ar\/wp-content\/uploads\/2025\/10\/UB-LOGO.png\",\"contentUrl\":\"http:\/\/41.111.234.112\/ar\/wp-content\/uploads\/2025\/10\/UB-LOGO.png\",\"width\":386,\"height\":512,\"caption\":\"\u062c\u0627\u0645\u0639\u0629 \u0623\u0643\u0644\u064a \u0645\u062d\u0646\u062f \u0623\u0648\u0644\u062d\u0627\u062c\"},\"image\":{\"@id\":\"http:\/\/virtuel.univ-bouira.dz\/ar\/#\/schema\/logo\/image\/\"}}]}<\/script>\n<!-- \/ Yoast SEO Premium plugin. -->","yoast_head_json":{"title":"Recteur de l'Universit\u00e9 - \u062c\u0627\u0645\u0639\u0629 \u0623\u0643\u0644\u064a \u0645\u062d\u0646\u062f \u0623\u0648\u0644\u062d\u0627\u062c","robots":{"index":"index","follow":"follow","max-snippet":"max-snippet:-1","max-image-preview":"max-image-preview:large","max-video-preview":"max-video-preview:-1"},"canonical":"http:\/\/virtuel.univ-bouira.dz\/ar\/recteur-de-luniversite\/","og_locale":"ar_AR","og_type":"article","og_title":"Recteur de l'Universit\u00e9","og_description":"Professeur Ali Largat occupe le professeur Ali Largat le poste de directeur de l&#8217;universit\u00e9 depuis 2025. Il est chercheur \u00e9minent","og_url":"http:\/\/virtuel.univ-bouira.dz\/ar\/recteur-de-luniversite\/?lang=fr","og_site_name":"\u062c\u0627\u0645\u0639\u0629 \u0623\u0643\u0644\u064a \u0645\u062d\u0646\u062f \u0623\u0648\u0644\u062d\u0627\u062c","article_modified_time":"2026-02-16T14:13:13+00:00","og_image":[{"url":"http:\/\/virtuel.univ-bouira.dz\/ar\/wp-content\/uploads\/2025\/10\/494111865_1149471603891570_1518710395218951722_n.jpg","type":"","width":"","height":""}],"twitter_card":"summary_large_image","twitter_misc":{"\u0648\u0642\u062a \u0627\u0644\u0642\u0631\u0627\u0621\u0629 \u0627\u0644\u0645\u064f\u0642\u062f\u0651\u0631":"8 \u062f\u0642\u0627\u0626\u0642"},"schema":{"@context":"https:\/\/schema.org","@graph":[{"@type":"WebPage","@id":"http:\/\/virtuel.univ-bouira.dz\/ar\/recteur-de-luniversite\/?lang=fr","url":"http:\/\/virtuel.univ-bouira.dz\/ar\/recteur-de-luniversite\/?lang=fr","name":"Recteur de l'Universit\u00e9 - \u062c\u0627\u0645\u0639\u0629 \u0623\u0643\u0644\u064a \u0645\u062d\u0646\u062f \u0623\u0648\u0644\u062d\u0627\u062c","isPartOf":{"@id":"http:\/\/virtuel.univ-bouira.dz\/ar\/#website"},"primaryImageOfPage":{"@id":"http:\/\/virtuel.univ-bouira.dz\/ar\/recteur-de-luniversite\/?lang=fr#primaryimage"},"image":{"@id":"http:\/\/virtuel.univ-bouira.dz\/ar\/recteur-de-luniversite\/?lang=fr#primaryimage"},"thumbnailUrl":"http:\/\/virtuel.univ-bouira.dz\/ar\/wp-content\/uploads\/2025\/10\/494111865_1149471603891570_1518710395218951722_n.jpg","datePublished":"2018-08-11T17:08:28+00:00","dateModified":"2026-02-16T14:13:13+00:00","breadcrumb":{"@id":"http:\/\/virtuel.univ-bouira.dz\/ar\/recteur-de-luniversite\/?lang=fr#breadcrumb"},"inLanguage":"ar","potentialAction":[{"@type":"ReadAction","target":["http:\/\/virtuel.univ-bouira.dz\/ar\/recteur-de-luniversite\/?lang=fr"]}]},{"@type":"ImageObject","inLanguage":"ar","@id":"http:\/\/virtuel.univ-bouira.dz\/ar\/recteur-de-luniversite\/?lang=fr#primaryimage","url":"","contentUrl":""},{"@type":"BreadcrumbList","@id":"http:\/\/virtuel.univ-bouira.dz\/ar\/recteur-de-luniversite\/?lang=fr#breadcrumb","itemListElement":[{"@type":"ListItem","position":1,"name":"Home","item":"http:\/\/virtuel.univ-bouira.dz\/ar\/"},{"@type":"ListItem","position":2,"name":"L&#8217;universit\u00e9 en chiffres","item":"http:\/\/virtuel.univ-bouira.dz\/ar\/luniversite-en-chiffres\/"},{"@type":"ListItem","position":3,"name":"Recteur de l&#8217;Universit\u00e9"}]},{"@type":"WebSite","@id":"http:\/\/virtuel.univ-bouira.dz\/ar\/#website","url":"http:\/\/virtuel.univ-bouira.dz\/ar\/","name":"\u062c\u0627\u0645\u0639\u0629 \u0623\u0643\u0644\u064a \u0645\u062d\u0646\u062f \u0623\u0648\u0644\u062d\u0627\u062c","description":"\u0627\u0644\u0628\u0648\u064a\u0631\u0629","publisher":{"@id":"http:\/\/virtuel.univ-bouira.dz\/ar\/#organization"},"potentialAction":[{"@type":"SearchAction","target":{"@type":"EntryPoint","urlTemplate":"http:\/\/virtuel.univ-bouira.dz\/ar\/?s={search_term_string}"},"query-input":{"@type":"PropertyValueSpecification","valueRequired":true,"valueName":"search_term_string"}}],"inLanguage":"ar"},{"@type":"Organization","@id":"http:\/\/virtuel.univ-bouira.dz\/ar\/#organization","name":"\u062c\u0627\u0645\u0639\u0629 \u0623\u0643\u0644\u064a \u0645\u062d\u0646\u062f \u0623\u0648\u0644\u062d\u0627\u062c","url":"http:\/\/virtuel.univ-bouira.dz\/ar\/","logo":{"@type":"ImageObject","inLanguage":"ar","@id":"http:\/\/virtuel.univ-bouira.dz\/ar\/#\/schema\/logo\/image\/","url":"http:\/\/41.111.234.112\/ar\/wp-content\/uploads\/2025\/10\/UB-LOGO.png","contentUrl":"http:\/\/41.111.234.112\/ar\/wp-content\/uploads\/2025\/10\/UB-LOGO.png","width":386,"height":512,"caption":"\u062c\u0627\u0645\u0639\u0629 \u0623\u0643\u0644\u064a \u0645\u062d\u0646\u062f \u0623\u0648\u0644\u062d\u0627\u062c"},"image":{"@id":"http:\/\/virtuel.univ-bouira.dz\/ar\/#\/schema\/logo\/image\/"}}]}},"rttpg_featured_image_url":null,"rttpg_author":{"display_name":"kamelar","author_link":"http:\/\/virtuel.univ-bouira.dz\/ar\/author\/kamelar\/"},"rttpg_comment":0,"rttpg_category":" <a href=\"http:\/\/virtuel.univ-bouira.dz\/ar\/?taxonomy=translation_priority&#038;term=facultatif&#038;lang=fr\" rel=\"tag\">Facultatif<\/a>","rttpg_excerpt":"Professeur Ali Largat occupe le professeur Ali Largat le poste de directeur de l&#8217;universit\u00e9 depuis 2025. Il est chercheur \u00e9minent","_links":{"self":[{"href":"http:\/\/virtuel.univ-bouira.dz\/ar\/wp-json\/wp\/v2\/pages\/15029","targetHints":{"allow":["GET"]}}],"collection":[{"href":"http:\/\/virtuel.univ-bouira.dz\/ar\/wp-json\/wp\/v2\/pages"}],"about":[{"href":"http:\/\/virtuel.univ-bouira.dz\/ar\/wp-json\/wp\/v2\/types\/page"}],"author":[{"embeddable":true,"href":"http:\/\/virtuel.univ-bouira.dz\/ar\/wp-json\/wp\/v2\/users\/1"}],"replies":[{"embeddable":true,"href":"http:\/\/virtuel.univ-bouira.dz\/ar\/wp-json\/wp\/v2\/comments?post=15029"}],"version-history":[{"count":5,"href":"http:\/\/virtuel.univ-bouira.dz\/ar\/wp-json\/wp\/v2\/pages\/15029\/revisions"}],"predecessor-version":[{"id":16368,"href":"http:\/\/virtuel.univ-bouira.dz\/ar\/wp-json\/wp\/v2\/pages\/15029\/revisions\/16368"}],"wp:attachment":[{"href":"http:\/\/virtuel.univ-bouira.dz\/ar\/wp-json\/wp\/v2\/media?parent=15029"}],"curies":[{"name":"wp","href":"https:\/\/api.w.org\/{rel}","templated":true}]}}