{"id":2972,"date":"2025-07-08T11:19:23","date_gmt":"2025-07-08T10:19:23","guid":{"rendered":"http:\/\/virtuel.univ-bouira.dz\/bibfse\/?page_id=2972"},"modified":"2025-07-08T13:19:33","modified_gmt":"2025-07-08T12:19:33","slug":"reglement-interieur","status":"publish","type":"page","link":"https:\/\/virtuel.univ-bouira.dz\/bibfse\/?page_id=2972","title":{"rendered":"R\u00e8glement Int\u00e9rieur"},"content":{"rendered":"\t\t<div data-elementor-type=\"wp-page\" data-elementor-id=\"2972\" class=\"elementor elementor-2972\">\n\t\t\t\t<div class=\"elementor-element elementor-element-218e234 e-flex e-con-boxed e-con e-parent\" data-id=\"218e234\" data-element_type=\"container\">\n\t\t\t\t\t<div class=\"e-con-inner\">\n\t\t\t\t<div class=\"elementor-element elementor-element-d8d85a4 elementor-position-top elementor-widget elementor-widget-image-box\" data-id=\"d8d85a4\" data-element_type=\"widget\" data-widget_type=\"image-box.default\">\n\t\t\t\t<div class=\"elementor-widget-container\">\n\t\t\t\t\t<div class=\"elementor-image-box-wrapper\"><figure class=\"elementor-image-box-img\"><img fetchpriority=\"high\" decoding=\"async\" width=\"512\" height=\"512\" src=\"https:\/\/virtuel.univ-bouira.dz\/bibfse\/wp-content\/uploads\/2025\/06\/cropped-cropped-cropped-logo-se.png\" class=\"attachment-full size-full wp-image-2953\" alt=\"\" srcset=\"https:\/\/virtuel.univ-bouira.dz\/bibfse\/wp-content\/uploads\/2025\/06\/cropped-cropped-cropped-logo-se.png 512w, https:\/\/virtuel.univ-bouira.dz\/bibfse\/wp-content\/uploads\/2025\/06\/cropped-cropped-cropped-logo-se-300x300.png 300w, https:\/\/virtuel.univ-bouira.dz\/bibfse\/wp-content\/uploads\/2025\/06\/cropped-cropped-cropped-logo-se-150x150.png 150w, https:\/\/virtuel.univ-bouira.dz\/bibfse\/wp-content\/uploads\/2025\/06\/cropped-cropped-cropped-logo-se-270x270.png 270w, https:\/\/virtuel.univ-bouira.dz\/bibfse\/wp-content\/uploads\/2025\/06\/cropped-cropped-cropped-logo-se-192x192.png 192w, https:\/\/virtuel.univ-bouira.dz\/bibfse\/wp-content\/uploads\/2025\/06\/cropped-cropped-cropped-logo-se-180x180.png 180w, https:\/\/virtuel.univ-bouira.dz\/bibfse\/wp-content\/uploads\/2025\/06\/cropped-cropped-cropped-logo-se-32x32.png 32w\" sizes=\"(max-width: 512px) 100vw, 512px\" \/><\/figure><div class=\"elementor-image-box-content\"><p class=\"elementor-image-box-description\"><p class=\"cvGsUA direction-ltr align-center para-style-body\" style=\"color: rgb(0, 74, 173); font-family: &quot;YACgEcnJpjs 0&quot;, _fb_, auto; --cyV3ZQ: 18.6667px; --gJPlXQ: 1.4; text-transform: uppercase; line-height: 26px;\"><span class=\"OYPEnA font-feature-liga-off font-feature-clig-off font-feature-calt-off text-decoration-none text-strikethrough-none\" style=\"font-weight: 700; font-style: normal; font-kerning: none; --Ys-XuQ: none;\">Article 1 \u2013 Horaires et acc\u00e8s<\/span><\/p><ul><li><span class=\"OYPEnA font-feature-liga-off font-feature-clig-off font-feature-calt-off text-decoration-none text-strikethrough-none\" style=\"color: rgb(0, 74, 173); font-weight: 700; font-style: normal; font-kerning: none; --Ys-XuQ: none;\">La biblioth\u00e8que est ouverte du dimanche au jeudi :<\/span><ul><li><span class=\"OYPEnA font-feature-liga-off font-feature-clig-off font-feature-calt-off text-decoration-none text-strikethrough-none\" style=\"color: rgb(0, 74, 173); font-weight: 700; font-style: normal; font-kerning: none; --Ys-XuQ: none;\">8h00 \u2013 16h00 pour la salle de lecture ;<\/span><\/li><li><span class=\"OYPEnA font-feature-liga-off font-feature-clig-off font-feature-calt-off text-decoration-none text-strikethrough-none\" style=\"color: rgb(0, 74, 173); font-weight: 700; font-style: normal; font-kerning: none; --Ys-XuQ: none;\">8h30 \u2013 15h30 pour le service de pr\u00eat.<\/span><\/li><\/ul><\/li><li><span class=\"OYPEnA font-feature-liga-off font-feature-clig-off font-feature-calt-off text-decoration-none text-strikethrough-none\" style=\"color: rgb(0, 74, 173); font-weight: 700; font-style: normal; font-kerning: none; --Ys-XuQ: none;\">L\u2019acc\u00e8s est r\u00e9serv\u00e9 aux membres de la communaut\u00e9 universitaire : \u00e9tudiants, enseignants, personnels administratifs, sur pr\u00e9sentation d\u2019un justificatif.<\/span><\/li><\/ul><p class=\"cvGsUA direction-ltr align-center para-style-body\" style=\"color: rgb(0, 74, 173); font-family: &quot;YACgEcnJpjs 0&quot;, _fb_, auto; --cyV3ZQ: 18.6667px; --gJPlXQ: 1.4; text-transform: uppercase; line-height: 26px;\"><span class=\"OYPEnA font-feature-liga-off font-feature-clig-off font-feature-calt-off text-decoration-none text-strikethrough-none\" style=\"font-weight: 700; font-style: normal; font-kerning: none; --Ys-XuQ: none;\">Article 2 \u2013 Conditions d\u2019inscription et d\u2019emprunt<\/span><\/p><ul><li><span class=\"OYPEnA font-feature-liga-off font-feature-clig-off font-feature-calt-off text-decoration-none text-strikethrough-none\" style=\"color: rgb(0, 74, 173); font-weight: 700; font-style: normal; font-kerning: none; --Ys-XuQ: none;\">Tout \u00e9tudiant de la facult\u00e9 est inscrit automatiquement comme usager.<\/span><\/li><li><span class=\"OYPEnA font-feature-liga-off font-feature-clig-off font-feature-calt-off text-decoration-none text-strikethrough-none\" style=\"color: rgb(0, 74, 173); font-weight: 700; font-style: normal; font-kerning: none; --Ys-XuQ: none;\">Le nombre de documents empruntables d\u00e9pend du statut :<\/span><ul><li><span class=\"OYPEnA font-feature-liga-off font-feature-clig-off font-feature-calt-off text-decoration-none text-strikethrough-none\" style=\"color: rgb(0, 74, 173); font-weight: 700; font-style: normal; font-kerning: none; --Ys-XuQ: none;\">\u00c9tudiants : jusqu\u2019\u00e0 3 ouvrages pour 15 jours ;<\/span><\/li><li><span class=\"OYPEnA font-feature-liga-off font-feature-clig-off font-feature-calt-off text-decoration-none text-strikethrough-none\" style=\"color: rgb(0, 74, 173); font-weight: 700; font-style: normal; font-kerning: none; --Ys-XuQ: none;\">Enseignants : jusqu\u2019\u00e0 5 ouvrages pour 30 jours.<\/span><\/li><\/ul><\/li><li><span class=\"OYPEnA font-feature-liga-off font-feature-clig-off font-feature-calt-off text-decoration-none text-strikethrough-none\" style=\"color: rgb(0, 74, 173); font-weight: 700; font-style: normal; font-kerning: none; --Ys-XuQ: none;\">Les pr\u00eats sont renouvelables une fois, sauf si le document est r\u00e9serv\u00e9 par un autre lecteur.<\/span><\/li><\/ul><p class=\"cvGsUA direction-ltr align-center para-style-body\" style=\"color: rgb(0, 74, 173); font-family: &quot;YACgEcnJpjs 0&quot;, _fb_, auto; --cyV3ZQ: 18.6667px; --gJPlXQ: 1.4; text-transform: uppercase; line-height: 26px;\"><span class=\"OYPEnA font-feature-liga-off font-feature-clig-off font-feature-calt-off text-decoration-none text-strikethrough-none\" style=\"font-weight: 700; font-style: normal; font-kerning: none; --Ys-XuQ: none;\">Article 3 \u2013 Consultation sur place<\/span><\/p><ul><li><span class=\"OYPEnA font-feature-liga-off font-feature-clig-off font-feature-calt-off text-decoration-none text-strikethrough-none\" style=\"color: rgb(0, 74, 173); font-weight: 700; font-style: normal; font-kerning: none; --Ys-XuQ: none;\">Certains documents (dictionnaires, encyclop\u00e9dies, m\u00e9moires) sont consultables uniquement sur place.<\/span><\/li><li><span class=\"OYPEnA font-feature-liga-off font-feature-clig-off font-feature-calt-off text-decoration-none text-strikethrough-none\" style=\"color: rgb(0, 74, 173); font-weight: 700; font-style: normal; font-kerning: none; --Ys-XuQ: none;\">Le respect du silence est obligatoire dans les salles de lecture.<\/span><\/li><\/ul><p class=\"cvGsUA direction-ltr align-center para-style-body\" style=\"color: rgb(0, 74, 173); font-family: &quot;YACgEcnJpjs 0&quot;, _fb_, auto; --cyV3ZQ: 18.6667px; --gJPlXQ: 1.4; text-transform: uppercase; line-height: 26px;\"><span class=\"OYPEnA font-feature-liga-off font-feature-clig-off font-feature-calt-off text-decoration-none text-strikethrough-none\" style=\"font-weight: 700; font-style: normal; font-kerning: none; --Ys-XuQ: none;\">Article 4 \u2013 Comportement attendu<\/span><\/p><ul><li><span class=\"OYPEnA font-feature-liga-off font-feature-clig-off font-feature-calt-off text-decoration-none text-strikethrough-none\" style=\"color: rgb(0, 74, 173); font-weight: 700; font-style: normal; font-kerning: none; --Ys-XuQ: none;\">L\u2019usage du t\u00e9l\u00e9phone est interdit dans les espaces de travail ;<\/span><\/li><li><span class=\"OYPEnA font-feature-liga-off font-feature-clig-off font-feature-calt-off text-decoration-none text-strikethrough-none\" style=\"color: rgb(0, 74, 173); font-weight: 700; font-style: normal; font-kerning: none; --Ys-XuQ: none;\">Il est interdit de manger, boire ou fumer dans les locaux ;<\/span><\/li><li><span class=\"OYPEnA font-feature-liga-off font-feature-clig-off font-feature-calt-off text-decoration-none text-strikethrough-none\" style=\"color: rgb(0, 74, 173); font-weight: 700; font-style: normal; font-kerning: none; --Ys-XuQ: none;\">Les usagers doivent respecter le mat\u00e9riel et les documents.<\/span><\/li><\/ul><p class=\"cvGsUA direction-ltr align-center para-style-body\" style=\"color: rgb(0, 74, 173); font-family: &quot;YACgEcnJpjs 0&quot;, _fb_, auto; --cyV3ZQ: 18.6667px; --gJPlXQ: 1.4; text-transform: uppercase; line-height: 26px;\"><span class=\"OYPEnA font-feature-liga-off font-feature-clig-off font-feature-calt-off text-decoration-none text-strikethrough-none\" style=\"font-weight: 700; font-style: normal; font-kerning: none; --Ys-XuQ: none;\">Article 5 \u2013 Sanctions<\/span><\/p><ul><li><span class=\"OYPEnA font-feature-liga-off font-feature-clig-off font-feature-calt-off text-decoration-none text-strikethrough-none\" style=\"color: rgb(0, 74, 173); font-weight: 700; font-style: normal; font-kerning: none; --Ys-XuQ: none;\">Tout retard, perte ou d\u00e9gradation de documents entra\u00eene :<\/span><ul><li><span class=\"OYPEnA font-feature-liga-off font-feature-clig-off font-feature-calt-off text-decoration-none text-strikethrough-none\" style=\"color: rgb(0, 74, 173); font-weight: 700; font-style: normal; font-kerning: none; --Ys-XuQ: none;\">Une p\u00e9nalit\u00e9 de suspension temporaire d\u2019acc\u00e8s ;<\/span><\/li><li><span class=\"OYPEnA font-feature-liga-off font-feature-clig-off font-feature-calt-off text-decoration-none text-strikethrough-none\" style=\"color: rgb(0, 74, 173); font-weight: 700; font-style: normal; font-kerning: none; --Ys-XuQ: none;\">Une facturation ou obligation de remplacement du document ;<\/span><\/li><li><span class=\"OYPEnA font-feature-liga-off font-feature-clig-off font-feature-calt-off text-decoration-none text-strikethrough-none\" style=\"color: rgb(0, 74, 173); font-weight: 700; font-style: normal; font-kerning: none; --Ys-XuQ: none;\">Le blocage de l\u2019acc\u00e8s au quitus en cas de non-r\u00e9gularisation.<\/span><\/li><\/ul><\/li><\/ul><p class=\"cvGsUA direction-ltr align-center para-style-body\" style=\"color: rgb(0, 74, 173); font-family: &quot;YACgEcnJpjs 0&quot;, _fb_, auto; --cyV3ZQ: 18.6667px; --gJPlXQ: 1.4; text-transform: uppercase; line-height: 26px;\"><span class=\"OYPEnA font-feature-liga-off font-feature-clig-off font-feature-calt-off text-decoration-none text-strikethrough-none\" style=\"font-weight: 700; font-style: normal; font-kerning: none; --Ys-XuQ: none;\">Article 6 \u2013 Quitus de biblioth\u00e8que<\/span><\/p><ul><li><span class=\"OYPEnA font-feature-liga-off font-feature-clig-off font-feature-calt-off text-decoration-none text-strikethrough-none\" style=\"color: rgb(0, 74, 173); font-weight: 700; font-style: normal; font-kerning: none; --Ys-XuQ: none;\">Le quitus est un document obligatoire remis aux usagers ayant restitu\u00e9 tous les documents.<\/span><\/li><li><span class=\"OYPEnA font-feature-liga-off font-feature-clig-off font-feature-calt-off text-decoration-none text-strikethrough-none\" style=\"color: rgb(0, 74, 173); font-weight: 700; font-style: normal; font-kerning: none; --Ys-XuQ: none;\">Il est exig\u00e9 pour :<\/span><ul><li><span class=\"OYPEnA font-feature-liga-off font-feature-clig-off font-feature-calt-off text-decoration-none text-strikethrough-none\" style=\"color: rgb(0, 74, 173); font-weight: 700; font-style: normal; font-kerning: none; --Ys-XuQ: none;\">Le retrait du dipl\u00f4me ;<\/span><\/li><li><span class=\"OYPEnA font-feature-liga-off font-feature-clig-off font-feature-calt-off text-decoration-none text-strikethrough-none\" style=\"color: rgb(0, 74, 173); font-weight: 700; font-style: normal; font-kerning: none; --Ys-XuQ: none;\">Les transferts ;<\/span><\/li><li><span class=\"OYPEnA font-feature-liga-off font-feature-clig-off font-feature-calt-off text-decoration-none text-strikethrough-none\" style=\"color: rgb(0, 74, 173); font-weight: 700; font-style: normal; font-kerning: none; --Ys-XuQ: none;\">Les r\u00e9inscriptions administratives.<\/span><\/li><\/ul><\/li><\/ul><\/p><\/div><\/div>\t\t\t\t<\/div>\n\t\t\t\t<\/div>\n\t\t\t\t\t<\/div>\n\t\t\t\t<\/div>\n\t\t\t\t<\/div>\n\t\t","protected":false},"excerpt":{"rendered":"<p>Article 1 \u2013 Horaires et acc\u00e8s La biblioth\u00e8que est ouverte du dimanche au jeudi : 8h00 \u2013 16h00 pour la salle de lecture ; 8h30 \u2013 15h30 pour le service de pr\u00eat. L\u2019acc\u00e8s est r\u00e9serv\u00e9 aux membres de la communaut\u00e9 universitaire : \u00e9tudiants, enseignants, personnels administratifs, sur pr\u00e9sentation d\u2019un justificatif. Article 2 \u2013 Conditions d\u2019inscription [&hellip;]<\/p>\n","protected":false},"author":1,"featured_media":0,"parent":0,"menu_order":0,"comment_status":"closed","ping_status":"closed","template":"","meta":{"_eb_attr":"","footnotes":""},"class_list":["post-2972","page","type-page","status-publish","hentry","entry"],"_links":{"self":[{"href":"https:\/\/virtuel.univ-bouira.dz\/bibfse\/index.php?rest_route=\/wp\/v2\/pages\/2972","targetHints":{"allow":["GET"]}}],"collection":[{"href":"https:\/\/virtuel.univ-bouira.dz\/bibfse\/index.php?rest_route=\/wp\/v2\/pages"}],"about":[{"href":"https:\/\/virtuel.univ-bouira.dz\/bibfse\/index.php?rest_route=\/wp\/v2\/types\/page"}],"author":[{"embeddable":true,"href":"https:\/\/virtuel.univ-bouira.dz\/bibfse\/index.php?rest_route=\/wp\/v2\/users\/1"}],"replies":[{"embeddable":true,"href":"https:\/\/virtuel.univ-bouira.dz\/bibfse\/index.php?rest_route=%2Fwp%2Fv2%2Fcomments&post=2972"}],"version-history":[{"count":7,"href":"https:\/\/virtuel.univ-bouira.dz\/bibfse\/index.php?rest_route=\/wp\/v2\/pages\/2972\/revisions"}],"predecessor-version":[{"id":3006,"href":"https:\/\/virtuel.univ-bouira.dz\/bibfse\/index.php?rest_route=\/wp\/v2\/pages\/2972\/revisions\/3006"}],"wp:attachment":[{"href":"https:\/\/virtuel.univ-bouira.dz\/bibfse\/index.php?rest_route=%2Fwp%2Fv2%2Fmedia&parent=2972"}],"curies":[{"name":"wp","href":"https:\/\/api.w.org\/{rel}","templated":true}]}}