{"id":3016,"date":"2025-07-08T14:52:46","date_gmt":"2025-07-08T13:52:46","guid":{"rendered":"http:\/\/virtuel.univ-bouira.dz\/bibfse\/?page_id=3016"},"modified":"2025-07-09T11:55:20","modified_gmt":"2025-07-09T10:55:20","slug":"espace-etudiants","status":"publish","type":"page","link":"https:\/\/virtuel.univ-bouira.dz\/bibfse\/?page_id=3016","title":{"rendered":"Espace Etudiants"},"content":{"rendered":"\t\t<div data-elementor-type=\"wp-page\" data-elementor-id=\"3016\" class=\"elementor elementor-3016\">\n\t\t\t\t<div class=\"elementor-element elementor-element-b0c9e9d e-flex e-con-boxed e-con e-parent\" data-id=\"b0c9e9d\" data-element_type=\"container\">\n\t\t\t\t\t<div class=\"e-con-inner\">\n\t\t\t\t<div class=\"elementor-element elementor-element-7658ddc elementor-arrows-position-inside elementor-pagination-position-outside elementor-widget elementor-widget-image-carousel\" data-id=\"7658ddc\" data-element_type=\"widget\" data-settings=\"{&quot;navigation&quot;:&quot;both&quot;,&quot;autoplay&quot;:&quot;yes&quot;,&quot;pause_on_hover&quot;:&quot;yes&quot;,&quot;pause_on_interaction&quot;:&quot;yes&quot;,&quot;autoplay_speed&quot;:5000,&quot;infinite&quot;:&quot;yes&quot;,&quot;speed&quot;:500}\" data-widget_type=\"image-carousel.default\">\n\t\t\t\t<div class=\"elementor-widget-container\">\n\t\t\t\t\t\t\t<div class=\"elementor-image-carousel-wrapper swiper\" role=\"region\" aria-roledescription=\"carousel\" aria-label=\"Image Carousel\" dir=\"ltr\">\n\t\t\t<div class=\"elementor-image-carousel swiper-wrapper\" aria-live=\"off\">\n\t\t\t\t\t\t\t\t<div class=\"swiper-slide\" role=\"group\" aria-roledescription=\"slide\" aria-label=\"1 of 7\"><figure class=\"swiper-slide-inner\"><img decoding=\"async\" class=\"swiper-slide-image\" src=\"https:\/\/virtuel.univ-bouira.dz\/bibfse\/wp-content\/uploads\/2025\/06\/Video-reels-instagram-conseils-marketing-moderne-simple-blanc-169x300.jpg\" alt=\"Vid\u00e9o r\u00e9els instagram conseils marketing moderne simple blanc\" \/><\/figure><\/div><div class=\"swiper-slide\" role=\"group\" aria-roledescription=\"slide\" aria-label=\"2 of 7\"><figure class=\"swiper-slide-inner\"><img decoding=\"async\" class=\"swiper-slide-image\" src=\"https:\/\/virtuel.univ-bouira.dz\/bibfse\/wp-content\/uploads\/2025\/06\/opac-300x284.png\" alt=\"opac\" \/><\/figure><\/div><div class=\"swiper-slide\" role=\"group\" aria-roledescription=\"slide\" aria-label=\"3 of 7\"><figure class=\"swiper-slide-inner\"><img decoding=\"async\" class=\"swiper-slide-image\" src=\"https:\/\/virtuel.univ-bouira.dz\/bibfse\/wp-content\/uploads\/2025\/06\/gs-1-1-1.png\" alt=\"gs-1-1-1\" \/><\/figure><\/div><div class=\"swiper-slide\" role=\"group\" aria-roledescription=\"slide\" aria-label=\"4 of 7\"><figure class=\"swiper-slide-inner\"><img decoding=\"async\" class=\"swiper-slide-image\" src=\"https:\/\/virtuel.univ-bouira.dz\/bibfse\/wp-content\/uploads\/2025\/06\/ccdzt-150x150-1.jpg\" alt=\"ccdzt-150x150-1\" \/><\/figure><\/div><div class=\"swiper-slide\" role=\"group\" aria-roledescription=\"slide\" aria-label=\"5 of 7\"><figure class=\"swiper-slide-inner\"><img decoding=\"async\" class=\"swiper-slide-image\" src=\"https:\/\/virtuel.univ-bouira.dz\/bibfse\/wp-content\/uploads\/2025\/06\/dspace-150x113-1.png\" alt=\"dspace-150x113-1\" \/><\/figure><\/div><div class=\"swiper-slide\" role=\"group\" aria-roledescription=\"slide\" aria-label=\"6 of 7\"><figure class=\"swiper-slide-inner\"><img decoding=\"async\" class=\"swiper-slide-image\" src=\"https:\/\/virtuel.univ-bouira.dz\/bibfse\/wp-content\/uploads\/2025\/06\/sndl-1-150x131-1.jpg\" alt=\"sndl-1-150x131-1\" \/><\/figure><\/div><div class=\"swiper-slide\" role=\"group\" aria-roledescription=\"slide\" aria-label=\"7 of 7\"><figure class=\"swiper-slide-inner\"><img decoding=\"async\" class=\"swiper-slide-image\" src=\"https:\/\/virtuel.univ-bouira.dz\/bibfse\/wp-content\/uploads\/2025\/06\/pnst-150x150-1.jpg\" alt=\"pnst-150x150-1\" \/><\/figure><\/div>\t\t\t<\/div>\n\t\t\t\t\t\t\t\t\t\t\t\t<div class=\"elementor-swiper-button elementor-swiper-button-prev\" role=\"button\" tabindex=\"0\">\n\t\t\t\t\t\t<svg aria-hidden=\"true\" class=\"e-font-icon-svg e-eicon-chevron-left\" viewBox=\"0 0 1000 1000\" xmlns=\"http:\/\/www.w3.org\/2000\/svg\"><path d=\"M646 125C629 125 613 133 604 142L308 442C296 454 292 471 292 487 292 504 296 521 308 533L604 854C617 867 629 875 646 875 663 875 679 871 692 858 704 846 713 829 713 812 713 796 708 779 692 767L438 487 692 225C700 217 708 204 708 187 708 171 704 154 692 142 675 129 663 125 646 125Z\"><\/path><\/svg>\t\t\t\t\t<\/div>\n\t\t\t\t\t<div class=\"elementor-swiper-button elementor-swiper-button-next\" role=\"button\" tabindex=\"0\">\n\t\t\t\t\t\t<svg aria-hidden=\"true\" class=\"e-font-icon-svg e-eicon-chevron-right\" viewBox=\"0 0 1000 1000\" xmlns=\"http:\/\/www.w3.org\/2000\/svg\"><path d=\"M696 533C708 521 713 504 713 487 713 471 708 454 696 446L400 146C388 133 375 125 354 125 338 125 325 129 313 142 300 154 292 171 292 187 292 204 296 221 308 233L563 492 304 771C292 783 288 800 288 817 288 833 296 850 308 863 321 871 338 875 354 875 371 875 388 867 400 854L696 533Z\"><\/path><\/svg>\t\t\t\t\t<\/div>\n\t\t\t\t\n\t\t\t\t\t\t\t\t\t<div class=\"swiper-pagination\"><\/div>\n\t\t\t\t\t\t\t\t\t<\/div>\n\t\t\t\t\t\t<\/div>\n\t\t\t\t<\/div>\n\t\t\t\t<div class=\"elementor-element elementor-element-065d097 elementor-widget elementor-widget-text-editor\" data-id=\"065d097\" data-element_type=\"widget\" data-widget_type=\"text-editor.default\">\n\t\t\t\t<div class=\"elementor-widget-container\">\n\t\t\t\t\t\t\t\t\t<p style=\"text-align: center;\" data-start=\"145\" data-end=\"409\">Bienvenue dans votre <strong data-start=\"166\" data-end=\"182\">espace d\u00e9di\u00e9<\/strong> \u00e0 la biblioth\u00e8que ! Cet espace a \u00e9t\u00e9 pens\u00e9 pour <strong data-start=\"231\" data-end=\"260\">accompagner les \u00e9tudiants<\/strong> tout au long de leur parcours universitaire en mettant \u00e0 leur disposition des services utiles, des ressources documentaires et des outils pratiques.<\/p><p style=\"text-align: center;\" data-start=\"411\" data-end=\"444\">Dans cet espace, vous trouverez :<\/p><ul style=\"text-align: center;\" data-start=\"446\" data-end=\"940\"><li data-start=\"446\" data-end=\"529\"><p data-start=\"448\" data-end=\"529\"><img decoding=\"async\" class=\"emoji\" role=\"img\" draggable=\"false\" src=\"https:\/\/s.w.org\/images\/core\/emoji\/15.0.3\/svg\/1f4da.svg\" alt=\"\ud83d\udcda\" \/> <strong data-start=\"451\" data-end=\"486\">Acc\u00e8s au catalogue en ligne PMB<\/strong> pour consulter et r\u00e9server vos documents ;<\/p><\/li><li data-start=\"530\" data-end=\"609\"><p data-start=\"532\" data-end=\"609\"><img decoding=\"async\" class=\"emoji\" role=\"img\" draggable=\"false\" src=\"https:\/\/s.w.org\/images\/core\/emoji\/15.0.3\/svg\/1f9fe.svg\" alt=\"\ud83e\uddfe\" \/> <strong data-start=\"535\" data-end=\"557\">Formulaires utiles<\/strong> : quitus, demande d\u2019emprunt, d\u00e9p\u00f4t de th\u00e8se, etc. ;<\/p><\/li><li data-start=\"610\" data-end=\"705\"><p data-start=\"612\" data-end=\"705\"><img decoding=\"async\" class=\"emoji\" role=\"img\" draggable=\"false\" src=\"https:\/\/s.w.org\/images\/core\/emoji\/15.0.3\/svg\/1f4d8.svg\" alt=\"\ud83d\udcd8\" \/> <strong data-start=\"615\" data-end=\"635\">Guide du lecteur<\/strong> et tutoriels pour apprendre \u00e0 utiliser la biblioth\u00e8que efficacement ;<\/p><\/li><li data-start=\"706\" data-end=\"796\"><p data-start=\"708\" data-end=\"796\"><img decoding=\"async\" class=\"emoji\" role=\"img\" draggable=\"false\" src=\"https:\/\/s.w.org\/images\/core\/emoji\/15.0.3\/svg\/1f5a5.svg\" alt=\"\ud83d\udda5\ufe0f\" \/> <strong data-start=\"712\" data-end=\"736\">Postes informatiques<\/strong> connect\u00e9s aux plateformes num\u00e9riques (DSpace, PNST, etc.) ;<\/p><\/li><li data-start=\"797\" data-end=\"859\"><p data-start=\"799\" data-end=\"859\"><img decoding=\"async\" class=\"emoji\" role=\"img\" draggable=\"false\" src=\"https:\/\/s.w.org\/images\/core\/emoji\/15.0.3\/svg\/1f4c6.svg\" alt=\"\ud83d\udcc6\" \/> <strong data-start=\"802\" data-end=\"831\">Calendrier des formations<\/strong> et ateliers documentaires ;<\/p><\/li><li data-start=\"860\" data-end=\"940\"><p data-start=\"862\" data-end=\"940\"><img decoding=\"async\" class=\"emoji\" role=\"img\" draggable=\"false\" src=\"https:\/\/s.w.org\/images\/core\/emoji\/15.0.3\/svg\/1f4cc.svg\" alt=\"\ud83d\udccc\" \/> <strong data-start=\"865\" data-end=\"894\">Foire aux questions (FAQ)<\/strong> pour r\u00e9pondre \u00e0 vos interrogations courantes.<\/p><\/li><\/ul><p style=\"text-align: center;\" data-start=\"942\" data-end=\"1158\">Cet espace vous aide \u00e0 mieux <strong data-start=\"971\" data-end=\"1039\">g\u00e9rer vos recherches, vos pr\u00eats et vos d\u00e9marches administratives<\/strong> en lien avec la biblioth\u00e8que. Il est mis \u00e0 jour r\u00e9guli\u00e8rement pour vous offrir un service moderne, simple et efficace.<\/p>\t\t\t\t\t\t\t\t<\/div>\n\t\t\t\t<\/div>\n\t\t\t\t\t<\/div>\n\t\t\t\t<\/div>\n\t\t\t\t<\/div>\n\t\t","protected":false},"excerpt":{"rendered":"<p>Bienvenue dans votre espace d\u00e9di\u00e9 \u00e0 la biblioth\u00e8que ! Cet espace a \u00e9t\u00e9 pens\u00e9 pour accompagner les \u00e9tudiants tout au long de leur parcours universitaire en mettant \u00e0 leur disposition des services utiles, des ressources documentaires et des outils pratiques. Dans cet espace, vous trouverez : Acc\u00e8s au catalogue en ligne PMB pour consulter et [&hellip;]<\/p>\n","protected":false},"author":1,"featured_media":0,"parent":0,"menu_order":0,"comment_status":"closed","ping_status":"closed","template":"","meta":{"_eb_attr":"","footnotes":""},"class_list":["post-3016","page","type-page","status-publish","hentry","entry"],"_links":{"self":[{"href":"https:\/\/virtuel.univ-bouira.dz\/bibfse\/index.php?rest_route=\/wp\/v2\/pages\/3016","targetHints":{"allow":["GET"]}}],"collection":[{"href":"https:\/\/virtuel.univ-bouira.dz\/bibfse\/index.php?rest_route=\/wp\/v2\/pages"}],"about":[{"href":"https:\/\/virtuel.univ-bouira.dz\/bibfse\/index.php?rest_route=\/wp\/v2\/types\/page"}],"author":[{"embeddable":true,"href":"https:\/\/virtuel.univ-bouira.dz\/bibfse\/index.php?rest_route=\/wp\/v2\/users\/1"}],"replies":[{"embeddable":true,"href":"https:\/\/virtuel.univ-bouira.dz\/bibfse\/index.php?rest_route=%2Fwp%2Fv2%2Fcomments&post=3016"}],"version-history":[{"count":13,"href":"https:\/\/virtuel.univ-bouira.dz\/bibfse\/index.php?rest_route=\/wp\/v2\/pages\/3016\/revisions"}],"predecessor-version":[{"id":3091,"href":"https:\/\/virtuel.univ-bouira.dz\/bibfse\/index.php?rest_route=\/wp\/v2\/pages\/3016\/revisions\/3091"}],"wp:attachment":[{"href":"https:\/\/virtuel.univ-bouira.dz\/bibfse\/index.php?rest_route=%2Fwp%2Fv2%2Fmedia&parent=3016"}],"curies":[{"name":"wp","href":"https:\/\/api.w.org\/{rel}","templated":true}]}}