{"id":3037,"date":"2025-07-08T15:01:26","date_gmt":"2025-07-08T14:01:26","guid":{"rendered":"http:\/\/virtuel.univ-bouira.dz\/bibfse\/?page_id=3037"},"modified":"2025-07-10T09:42:08","modified_gmt":"2025-07-10T08:42:08","slug":"formulaires-utiles","status":"publish","type":"page","link":"https:\/\/virtuel.univ-bouira.dz\/bibfse\/?page_id=3037","title":{"rendered":"Formulaires Utiles"},"content":{"rendered":"\t\t<div data-elementor-type=\"wp-page\" data-elementor-id=\"3037\" class=\"elementor elementor-3037\">\n\t\t\t\t<div class=\"elementor-element elementor-element-13deb02 e-flex e-con-boxed e-con e-parent\" data-id=\"13deb02\" data-element_type=\"container\">\n\t\t\t\t\t<div class=\"e-con-inner\">\n\t\t\t\t<div class=\"elementor-element elementor-element-01985cd elementor-widget elementor-widget-text-editor\" data-id=\"01985cd\" data-element_type=\"widget\" data-widget_type=\"text-editor.default\">\n\t\t\t\t<div class=\"elementor-widget-container\">\n\t\t\t\t\t\t\t\t\t<h1 style=\"text-align: center;\"><span style=\"color: #000080;\"><strong>D\u00e9livrance des Quitus aux \u00c9tudiants<\/strong><\/span><\/h1>\n<hr \/>\n<p style=\"text-align: center;\"><strong>Les r\u00e9inscriptions<\/strong><\/p>\n<p style=\"text-align: center;\"><strong>\u00a0L&#8217;Obtention de dipl\u00f4mes<\/strong><\/p>\n<p style=\"text-align: center;\"><strong>Le transfert vers d&#8217;autres Universit\u00e9s\/ Ecoles\/ Institut<\/strong><\/p>\n<hr \/>\n<h2 style=\"text-align: center;\"><span style=\"color: #0000ff;\"><strong>Conditions et documents requis<\/strong><\/span><\/h2>\n<h3 style=\"text-align: center;\"><span style=\"color: #3366ff;\"><strong>A- Pour les \u00e9tudiants L1, L2 \u00a0:<\/strong><\/span><\/h3>\n<h4 style=\"text-align: center;\"><span style=\"color: #00ccff;\"><strong>\u00a0 \u00a0 \u00a0\u00a0\u00a0\u00a0\u00a0\u00a0\u00a0\u00a0\u00a0\u00a0\u00a0\u00a0 \u00a01- En pr\u00e9sentiel\u00a0\u00a0<\/strong><\/span><\/h4>\n<p style=\"text-align: center;\"><strong>\u00a0\u00a0\u00a0\u00a0\u00a0\u00a0\u00a0\u00a0\u00a0\u00a0\u00a0\u00a0\u00a0\u00a0\u00a0\u00a0\u00a0\u00a0\u00a0\u00a0\u00a0 \u00a0<\/strong>Se pr\u00e9senter \u00e0 la biblioth\u00e8que muni d&#8217;une\u00a0 : Carte de biblioth\u00e8que \/ Carte d&#8217;\u00e9tudiant en cours de validit\u00e9 \/ Certificat de scolarit\u00e9 en cours de validit\u00e9<\/p>\n<h4 style=\"text-align: center;\"><span style=\"color: #00ccff;\"><strong>\u00a0\u00a0\u00a0\u00a0 \u00a0 2- En ligne\u00a0<\/strong><\/span><\/h4>\n<p style=\"text-align: center;\">\u00a0\u00a0\u00a0\u00a0\u00a0\u00a0\u00a0\u00a0\u00a0 \u00a0Cliquez sur le lien <span style=\"color: #0000ff;\"><strong><em><u><a style=\"color: #0000ff;\" href=\"https:\/\/forms.gle\/vb69QS7iXb8HMj64A\" target=\"_blank\" rel=\"noopener\">QUITUS<\/a><\/u><\/em> \u00a0<\/strong><\/span><\/p>\n<p style=\"text-align: center;\">\u00a0\u00a0\u00a0\u00a0\u00a0\u00a0\u00a0\u00a0\u00a0\u00a0\u00a0 Remplir toutes les cases du formulaire<\/p>\n<p style=\"text-align: center;\">\u00a0\u00a0\u00a0\u00a0\u00a0\u00a0 \u00a0\u00a0\u00a0Verser une copie de\u00a0:<\/p>\n<p style=\"text-align: center;\">\u00a0\u00a0\u00a0\u00a0\u00a0\u00a0\u00a0\u00a0\u00a0\u00a0\u00a0\u00a0 \u00a0Carte de Biblioth\u00e8que, Carte d&#8217;\u00e9tudiant ou Certificat de scolarit\u00e9<\/p>\n<p style=\"text-align: center;\">\u00a0\u00a0\u00a0\u00a0\u00a0\u00a0\u00a0\u00a0\u00a0 \u00a0\u00a0\u00a0\u00a0\u00a0en cours de validit\u00e9<\/p>\n<p style=\"text-align: center;\">\u00a0 \u00a0\u00a0\u00a0\u00a0\u00a0\u00a0Envoyer le fichier\u00a0<\/p>\n<h2 style=\"text-align: center;\"><span style=\"color: #ff0000;\"><strong>Remarque :<\/strong><\/span><\/h2>\n<p style=\"text-align: center;\">\u00a0\u00a0\u00a0\u00a0\u00a0\u00a0\u00a0\u00a0\u00a0\u00a0\u00a0\u00a0\u00a0\u00a0\u00a0\u00a0\u00a0\u00a0\u00a0 Veuillez remplir toutes les cases ayant Ast\u00e9rix(* )<\/p>\n<p style=\"text-align: center;\">\u00a0\u00a0\u00a0\u00a0\u00a0\u00a0\u00a0\u00a0\u00a0\u00a0\u00a0\u00a0\u00a0\u00a0\u00a0\u00a0 \u00a0\u00a0\u00a0Une adresse mail correcte<\/p>\n<p style=\"text-align: center;\">\u00a0\u00a0\u00a0\u00a0\u00a0\u00a0\u00a0\u00a0\u00a0\u00a0\u00a0\u00a0\u00a0\u00a0\u00a0\u00a0\u00a0 Vous recevrez votre quitus sign\u00e9 dans les plus brefs d\u00e9lais.<\/p>\n<h3 style=\"text-align: center;\"><span style=\"color: #0000ff;\"><strong>\u00a0\u00a0\u00a0 B- Pour les \u00e9tudiants <a style=\"color: #0000ff;\" href=\"https:\/\/forms.gle\/ptjwWQJDzqYDP8cm8\">L3 <\/a>:<\/strong><\/span><\/h3>\n<h4 style=\"text-align: center;\"><span style=\"color: #3366ff;\"><strong>\u00a0\u00a0\u00a0\u00a0\u00a0\u00a0\u00a0\u00a0\u00a0\u00a0\u00a0\u00a0 \u00a0\u00a01- En pr\u00e9sentiel\u00a0\u00a0<\/strong><\/span><\/h4>\n<p style=\"text-align: center;\"><strong>\u00a0 <\/strong>Se pr\u00e9senter \u00e0 la biblioth\u00e8que muni d&#8217;une\u00a0 : Carte de biblioth\u00e8que \/ Carte d&#8217;\u00e9tudiant en cours de validit\u00e9 \/ Certificat de scolarit\u00e9 en cours de validit\u00e9<\/p>\n<h4 style=\"text-align: center;\"><span style=\"color: #00ccff;\"><strong>\u00a0 2- En ligne\u00a0<\/strong><\/span><\/h4>\n<p style=\"text-align: center;\">\u00a0\u00a0\u00a0 Cliquez sur le lien <strong><span style=\"color: #0000ff;\"><em><u><a style=\"color: #0000ff;\" href=\"https:\/\/forms.gle\/hKfTpEmx3rfM7aLP8\" target=\"_blank\" rel=\"noopener\">QUITUS<\/a><\/u><\/em><\/span><\/strong><\/p>\n<p style=\"text-align: center;\">\u00a0\u00a0\u00a0 \u00a0Remplir toutes les cases du formulaire<\/p>\n<p style=\"text-align: center;\">\u00a0\u00a0\u00a0\u00a0 Verser une copie de votre Carte de Biblioth\u00e8que, Carte d&#8217;\u00e9tudiant ou \u00a0\u00a0certificat de scolarit\u00e9 en cours de validit\u00e9<\/p>\n<p style=\"text-align: center;\">\u00a0\u00a0 Envoyer le fichier\u00a0<\/p>\n<h2 style=\"text-align: center;\"><strong><span style=\"color: #ff0000;\">Remarque<\/span> :<\/strong><\/h2>\n<p style=\"text-align: center;\">Veuillez remplir toutes les cases ayant Ast\u00e9rix(* ) une adresse mail correcte<\/p>\n<p style=\"text-align: center;\">\u00a0\u00a0 vous recevrez votre quitus sign\u00e9 dans les plus brefs d\u00e9lais.\u00a0<\/p>\n<h3 style=\"text-align: center;\"><span style=\"color: #0000ff;\"><strong>B- Pour les \u00e9tudiants <\/strong><strong><u>M1 <\/u><\/strong><strong>:<\/strong><\/span><\/h3>\n<h4 style=\"text-align: center;\"><span style=\"color: #3366ff;\"><strong>\u00a0\u00a0\u00a0\u00a0\u00a0\u00a0\u00a0\u00a0\u00a0\u00a0\u00a0\u00a0 \u00a0\u00a01- En pr\u00e9sentiel\u00a0\u00a0<\/strong><\/span><\/h4>\n<p style=\"text-align: center;\"><strong>\u00a0 <\/strong>Se pr\u00e9senter \u00e0 la biblioth\u00e8que muni d&#8217;une\u00a0 : Carte de biblioth\u00e8que \/ Carte d&#8217;\u00e9tudiant en cours de validit\u00e9 \/ Certificat de scolarit\u00e9 en cours de validit\u00e9<\/p>\n<p style=\"text-align: center;\"><strong>\u00a0 2- En ligne\u00a0<\/strong><\/p>\n<p style=\"text-align: center;\">\u00a0\u00a0\u00a0 Cliquez sur le lien <strong><span style=\"color: #0000ff;\"><em><u><a style=\"color: #0000ff;\" href=\"https:\/\/forms.gle\/qQf1nLK8Y1tMHThM8\" target=\"_blank\" rel=\"noopener\">QUIT<\/a>US<\/u><\/em><\/span><\/strong><\/p>\n<p style=\"text-align: center;\">\u00a0\u00a0\u00a0 \u00a0Remplir toutes les cases du formulaire<\/p>\n<p style=\"text-align: center;\">\u00a0\u00a0\u00a0\u00a0 Verser une copie de votre Carte de Biblioth\u00e8que, Carte d&#8217;\u00e9tudiant ou \u00a0\u00a0certificat de scolarit\u00e9 en cours de validit\u00e9<\/p>\n<p style=\"text-align: center;\">\u00a0\u00a0 Envoyer le fichier\u00a0<\/p>\n<h2 style=\"text-align: center;\"><strong><span style=\"color: #ff0000;\">Remarque<\/span> :<\/strong><\/h2>\n<p style=\"text-align: center;\">Veuillez remplir toutes les cases ayant Ast\u00e9rix(* ) une adresse mail correcte<\/p>\n<p style=\"text-align: center;\">\u00a0\u00a0 Vous recevrez votre quitus sign\u00e9 dans les plus brefs d\u00e9lais.\u00a0<\/p>\n<h3 style=\"text-align: center;\"><span style=\"color: #3366ff;\"><strong>B- Pour les \u00e9tudiants <a style=\"color: #3366ff;\" href=\"https:\/\/forms.gle\/ptjwWQJDzqYDP8cm8\">M2 <\/a>:<\/strong><\/span><\/h3>\n<h4 style=\"text-align: center;\"><span style=\"color: #00ccff;\"><strong>\u00a0\u00a0\u00a0\u00a0\u00a0\u00a0\u00a0\u00a0\u00a0\u00a0\u00a0\u00a0 \u00a0\u00a01- En pr\u00e9sentiel\u00a0\u00a0<\/strong><\/span><\/h4>\n<p style=\"text-align: center;\"><strong>\u00a0\u00a0\u00a0\u00a0\u00a0\u00a0\u00a0\u00a0\u00a0\u00a0\u00a0\u00a0\u00a0\u00a0\u00a0\u00a0 \u00a0 <\/strong>Se pr\u00e9senter \u00e0 la biblioth\u00e8que muni de\u00a0 :<\/p>\n<p style=\"text-align: center;\">\u00a0\u00a0\u00a0\u00a0\u00a0\u00a0\u00a0\u00a0\u00a0\u00a0\u00a0\u00a0\u00a0\u00a0\u00a0\u00a0\u00a0\u00a0\u00a0\u00a0 Carte de biblioth\u00e8que \/ Carte d&#8217;\u00e9tudiant en cours de validit\u00e9 \/ Certificat de scolarit\u00e9 en cours de validit\u00e9<\/p>\n<p style=\"text-align: center;\">\u00a0\u00a0\u00a0\u00a0\u00a0\u00a0\u00a0\u00a0\u00a0\u00a0\u00a0\u00a0\u00a0\u00a0\u00a0\u00a0\u00a0\u00a0\u00a0 Autorisation de d\u00e9p\u00f4t de m\u00e9moire de master d\u00e9livr\u00e9 par le responsable de jury et sign\u00e9 par le chef de d\u00e9partement<\/p>\n<p style=\"text-align: center;\">\u00a0\u00a0\u00a0\u00a0\u00a0\u00a0\u00a0\u00a0\u00a0\u00a0\u00a0\u00a0\u00a0\u00a0\u00a0\u00a0\u00a0\u00a0 Le m\u00e9moire en fichier Electronique type PDF<\/p>\n<p style=\"text-align: center;\">\u00a0\u00a0\u00a0\u00a0\u00a0\u00a0\u00a0\u00a0\u00a0\u00a0\u00a0\u00a0\u00a0\u00a0\u00a0\u00a0\u00a0\u00a0 Autorisation de diffusion sur les Plateformes de L\u2019universit\u00e9 ( DSpace \u2013 Sites Web) \u00a0( Document d\u00e9livr\u00e9 par la biblioth\u00e8que<\/p>\n<h4 style=\"text-align: center;\"><span style=\"color: #00ccff;\"><strong>\u00a0 2- En ligne\u00a0<\/strong><\/span><\/h4>\n<p style=\"text-align: center;\">\u00a0\u00a0\u00a0 Cliquez sur le lien <strong><span style=\"color: #0000ff;\"><em><u><a style=\"color: #0000ff;\" href=\"https:\/\/forms.gle\/kK2qxBw2gxo6wTft7\" target=\"_blank\" rel=\"noopener\">QUIT<\/a>US<\/u><\/em><\/span><\/strong><\/p>\n<p style=\"text-align: center;\">\u00a0\u00a0\u00a0 \u00a0Remplir toutes les cases du formulaire<\/p>\n<p style=\"text-align: center;\">\u00a0\u00a0\u00a0\u00a0 Verser une copie de votre Carte de Biblioth\u00e8que, Carte d&#8217;\u00e9tudiant ou \u00a0\u00a0certificat de scolarit\u00e9 en cours de validit\u00e9<\/p>\n<p style=\"text-align: center;\">\u00a0\u00a0 Envoyer le fichier\u00a0<\/p>\n<h2 style=\"text-align: center;\"><strong><span style=\"color: #ff0000;\">Remarque<\/span> <span style=\"color: #ff0000;\">:<\/span><\/strong><\/h2>\n<p style=\"text-align: center;\">\u00a0\u00a0\u00a0\u00a0\u00a0\u00a0\u00a0\u00a0\u00a0\u00a0\u00a0\u00a0\u00a0\u00a0\u00a0\u00a0\u00a0\u00a0\u00a0\u00a0\u00a0 Les \u00e9tudiants M2 doivent imp\u00e9rativement se munir de l&#8217;autorisation de d\u00e9p\u00f4t d\u00e9livr\u00e9e par leur d\u00e9partement avant de se pr\u00e9senter \u00e0 la biblioth\u00e8que.<\/p>\n<p style=\"text-align: center;\">\u00a0\u00a0\u00a0\u00a0\u00a0\u00a0\u00a0\u00a0\u00a0\u00a0\u00a0\u00a0\u00a0\u00a0\u00a0\u00a0\u00a0\u00a0\u00a0\u00a0\u00a0\u00a0\u00a0\u00a0\u00a0\u00a0 Le d\u00e9p\u00f4t de m\u00e9moire est obligatoire<\/p>\n<p style=\"text-align: center;\">\u00a0\u00a0\u00a0\u00a0\u00a0\u00a0\u00a0\u00a0\u00a0\u00a0\u00a0\u00a0\u00a0\u00a0\u00a0\u00a0\u00a0 \u00a0\u00a0\u00a0\u00a0\u00a0\u00a0\u00a0\u00a0Dans le cas o\u00f9 le bin\u00f4me \u00e0 d\u00e9j\u00e0 d\u00e9poser le m\u00e9moire<\/p>\n<p style=\"text-align: center;\">\u00a0\u00a0\u00a0\u00a0\u00a0\u00a0\u00a0\u00a0\u00a0\u00a0\u00a0\u00a0\u00a0\u00a0\u00a0\u00a0\u00a0\u00a0\u00a0\u00a0\u00a0\u00a0\u00a0\u00a0 Veuillez nous envoyer une copie de l\u2019autorisation de d\u00e9p\u00f4t paraph\u00e9 par les services de la biblioth\u00e8que.<\/p>\n<p style=\"text-align: center;\">\u00a0\u00a0\u00a0\u00a0\u00a0\u00a0\u00a0\u00a0\u00a0\u00a0\u00a0\u00a0\u00a0\u00a0\u00a0\u00a0\u00a0\u00a0\u00a0\u00a0\u00a0\u00a0 Veuillez remplir toutes les cases ayant Ast\u00e9rix(* ) \u00a0et une adresse mail correcte<\/p>\n<p style=\"text-align: center;\">\u00a0\u00a0 \u00a0\u00a0\u00a0\u00a0\u00a0\u00a0\u00a0\u00a0\u00a0\u00a0\u00a0\u00a0\u00a0\u00a0\u00a0\u00a0\u00a0\u00a0\u00a0\u00a0\u00a0Vous recevrez votre quitus sign\u00e9 dans les plus brefs d\u00e9lais.\u00a0<\/p>\n<hr \/>\n<h2 style=\"text-align: center;\"><span style=\"color: #0000ff;\"><strong>Modalit\u00e9s Pratiques<\/strong><\/span><\/h2>\n<h3 style=\"text-align: center;\"><span style=\"color: #3366ff;\"><strong>Lieu<\/strong> <\/span>: Biblioth\u00e8que universitaire <br \/><span style=\"color: #3366ff;\"><strong>Horaires<\/strong> <\/span>: Aux heures d&#8217;ouverture habituelles de la biblioth\u00e8que<\/h3>\n<p style=\"text-align: center;\">Pour toute information compl\u00e9mentaire, veuillez-vous adresser aux personnels de la biblioth\u00e8que.<\/p>\n<hr \/>\n<p style=\"text-align: center;\"><em>La Direction de la Biblioth\u00e8que Universitaire <\/em><br \/><em>Facult\u00e9 des Sciences Exactes\u00a0<\/em><\/p>\n<p style=\"text-align: center;\">\u00a0<\/p>\t\t\t\t\t\t\t\t<\/div>\n\t\t\t\t<\/div>\n\t\t\t\t\t<\/div>\n\t\t\t\t<\/div>\n\t\t\t\t<\/div>\n\t\t","protected":false},"excerpt":{"rendered":"<p>D\u00e9livrance des Quitus aux \u00c9tudiants Les r\u00e9inscriptions \u00a0L&#8217;Obtention de dipl\u00f4mes Le transfert vers d&#8217;autres Universit\u00e9s\/ Ecoles\/ Institut Conditions et documents requis A- Pour les \u00e9tudiants L1, L2 \u00a0: \u00a0 \u00a0 \u00a0\u00a0\u00a0\u00a0\u00a0\u00a0\u00a0\u00a0\u00a0\u00a0\u00a0\u00a0 \u00a01- En pr\u00e9sentiel\u00a0\u00a0 \u00a0\u00a0\u00a0\u00a0\u00a0\u00a0\u00a0\u00a0\u00a0\u00a0\u00a0\u00a0\u00a0\u00a0\u00a0\u00a0\u00a0\u00a0\u00a0\u00a0\u00a0 \u00a0Se pr\u00e9senter \u00e0 la biblioth\u00e8que muni d&#8217;une\u00a0 : Carte de biblioth\u00e8que \/ Carte d&#8217;\u00e9tudiant en cours de validit\u00e9 \/ Certificat [&hellip;]<\/p>\n","protected":false},"author":1,"featured_media":0,"parent":0,"menu_order":0,"comment_status":"closed","ping_status":"closed","template":"","meta":{"_eb_attr":"","footnotes":""},"class_list":["post-3037","page","type-page","status-publish","hentry","entry"],"_links":{"self":[{"href":"https:\/\/virtuel.univ-bouira.dz\/bibfse\/index.php?rest_route=\/wp\/v2\/pages\/3037","targetHints":{"allow":["GET"]}}],"collection":[{"href":"https:\/\/virtuel.univ-bouira.dz\/bibfse\/index.php?rest_route=\/wp\/v2\/pages"}],"about":[{"href":"https:\/\/virtuel.univ-bouira.dz\/bibfse\/index.php?rest_route=\/wp\/v2\/types\/page"}],"author":[{"embeddable":true,"href":"https:\/\/virtuel.univ-bouira.dz\/bibfse\/index.php?rest_route=\/wp\/v2\/users\/1"}],"replies":[{"embeddable":true,"href":"https:\/\/virtuel.univ-bouira.dz\/bibfse\/index.php?rest_route=%2Fwp%2Fv2%2Fcomments&post=3037"}],"version-history":[{"count":31,"href":"https:\/\/virtuel.univ-bouira.dz\/bibfse\/index.php?rest_route=\/wp\/v2\/pages\/3037\/revisions"}],"predecessor-version":[{"id":3097,"href":"https:\/\/virtuel.univ-bouira.dz\/bibfse\/index.php?rest_route=\/wp\/v2\/pages\/3037\/revisions\/3097"}],"wp:attachment":[{"href":"https:\/\/virtuel.univ-bouira.dz\/bibfse\/index.php?rest_route=%2Fwp%2Fv2%2Fmedia&parent=3037"}],"curies":[{"name":"wp","href":"https:\/\/api.w.org\/{rel}","templated":true}]}}