{"id":2262,"date":"2023-01-19T11:22:30","date_gmt":"2023-01-19T10:22:30","guid":{"rendered":"http:\/\/bourses.univ-bouira.dz\/?page_id=2262"},"modified":"2026-03-19T08:59:45","modified_gmt":"2026-03-19T07:59:45","slug":"depot-de-dossier","status":"publish","type":"page","link":"https:\/\/virtuel.univ-bouira.dz\/bourses_fsecsg\/","title":{"rendered":"\u0643\u0644\u064a\u0629 \u0627\u0644\u0639\u0644\u0648\u0645 \u0627\u0644\u0625\u0642\u062a\u0635\u0627\u062f\u064a\u0629\u060c \u0627\u0644\u062a\u062c\u0627\u0631\u064a\u0629 \u0648\u0639\u0644\u0648\u0645 \u0627\u0644\u062a\u0633\u064a\u064a\u0631"},"content":{"rendered":"\n<div style=\"height:79px\" aria-hidden=\"true\" class=\"wp-block-spacer\"><\/div>\n\n\n\n<div class=\"is-content-justification-center is-layout-flex wp-container-1 wp-block-buttons\">\n<div class=\"wp-block-button has-custom-width wp-block-button__width-75\"><a class=\"wp-block-button__link wp-element-button\" href=\"http:\/\/virtuel.univ-bouira.dz\/bourses_fsecsg\/?page_id=16615\" style=\"border-radius:0px;padding-top:var(--wp--preset--spacing--30);padding-right:var(--wp--preset--spacing--30);padding-bottom:var(--wp--preset--spacing--30);padding-left:var(--wp--preset--spacing--30)\">Mobilit\u00e9 de court s\u00e9jour \u00e0 l\u2019\u00e9tranger- \u0627\u0644\u0625\u0642\u0627\u0645\u0627\u062a \u0627\u0644\u0639\u0644\u0645\u064a\u0629 \u0642\u0635\u064a\u0631\u0629 \u0627\u0644\u0645\u062f\u0649 \u0641\u064a \u0627\u0644\u062e\u0627\u0631\u062c<\/a><\/div>\n\n\n\n<div class=\"wp-block-button has-custom-width wp-block-button__width-75\"><a class=\"wp-block-button__link wp-element-button\" href=\"http:\/\/virtuel.univ-bouira.dz\/bourses_fsecsg\/?page_id=16618\" style=\"border-radius:0px;padding-top:var(--wp--preset--spacing--30);padding-right:var(--wp--preset--spacing--30);padding-bottom:var(--wp--preset--spacing--30);padding-left:var(--wp--preset--spacing--30)\">Manifestations scientifiques- \u0627\u0644\u062a\u0638\u0627\u0647\u0631\u0627\u062a \u0627\u0644\u0639\u0644\u0645\u064a\u0629<\/a><\/div>\n\n\n\n<div class=\"wp-block-button has-custom-width wp-block-button__width-75\"><a class=\"wp-block-button__link wp-element-button\" href=\"http:\/\/virtuel.univ-bouira.dz\/bourses_fsecsg\/?page_id=16634\" style=\"border-radius:0px;padding-top:var(--wp--preset--spacing--30);padding-right:var(--wp--preset--spacing--30);padding-bottom:var(--wp--preset--spacing--30);padding-left:var(--wp--preset--spacing--30)\">Stage de Perfectionnement \u00e0 l&rsquo;\u00e9tranger &#8211; \u062a\u0631\u0628\u0635 \u062a\u062d\u0633\u064a\u0646 \u0627\u0644\u0645\u0633\u062a\u0648\u0649 \u0641\u064a \u0627\u0644\u062e\u0627\u0631\u062c<\/a><\/div>\n\n\n\n<div class=\"wp-block-button has-custom-width wp-block-button__width-75\"><a class=\"wp-block-button__link wp-element-button\" href=\"http:\/\/virtuel.univ-bouira.dz\/bourses_fsecsg\/?page_id=16611\" style=\"border-radius:0px;padding-top:var(--wp--preset--spacing--30);padding-right:var(--wp--preset--spacing--30);padding-bottom:var(--wp--preset--spacing--30);padding-left:var(--wp--preset--spacing--30)\">ATS &#8211; \u0627\u0644\u0645\u0633\u062a\u062e\u062f\u0645\u064a\u0646 \u0627\u0644\u0625\u062f\u0627\u0631\u064a\u064a\u0646<\/a><\/div>\n<\/div>\n","protected":false},"excerpt":{"rendered":"","protected":false},"author":1,"featured_media":0,"parent":0,"menu_order":0,"comment_status":"closed","ping_status":"closed","template":"elementor_theme","meta":{"site-sidebar-layout":"default","site-content-layout":"","ast-site-content-layout":"","site-content-style":"default","site-sidebar-style":"default","ast-global-header-display":"","ast-banner-title-visibility":"","ast-main-header-display":"","ast-hfb-above-header-display":"","ast-hfb-below-header-display":"","ast-hfb-mobile-header-display":"","site-post-title":"","ast-breadcrumbs-content":"","ast-featured-img":"","footer-sml-layout":"","theme-transparent-header-meta":"","adv-header-id-meta":"","stick-header-meta":"","header-above-stick-meta":"","header-main-stick-meta":"","header-below-stick-meta":"","astra-migrate-meta-layouts":"default","ast-page-background-enabled":"default","ast-page-background-meta":{"desktop":{"background-color":"var(--ast-global-color-5)","background-image":"","background-repeat":"repeat","background-position":"center center","background-size":"auto","background-attachment":"scroll","background-type":"","background-media":"","overlay-type":"","overlay-color":"","overlay-opacity":"","overlay-gradient":""},"tablet":{"background-color":"","background-image":"","background-repeat":"repeat","background-position":"center center","background-size":"auto","background-attachment":"scroll","background-type":"","background-media":"","overlay-type":"","overlay-color":"","overlay-opacity":"","overlay-gradient":""},"mobile":{"background-color":"","background-image":"","background-repeat":"repeat","background-position":"center center","background-size":"auto","background-attachment":"scroll","background-type":"","background-media":"","overlay-type":"","overlay-color":"","overlay-opacity":"","overlay-gradient":""}},"ast-content-background-meta":{"desktop":{"background-color":"var(--ast-global-color-4)","background-image":"","background-repeat":"repeat","background-position":"center center","background-size":"auto","background-attachment":"scroll","background-type":"","background-media":"","overlay-type":"","overlay-color":"","overlay-opacity":"","overlay-gradient":""},"tablet":{"background-color":"var(--ast-global-color-4)","background-image":"","background-repeat":"repeat","background-position":"center center","background-size":"auto","background-attachment":"scroll","background-type":"","background-media":"","overlay-type":"","overlay-color":"","overlay-opacity":"","overlay-gradient":""},"mobile":{"background-color":"var(--ast-global-color-4)","background-image":"","background-repeat":"repeat","background-position":"center center","background-size":"auto","background-attachment":"scroll","background-type":"","background-media":"","overlay-type":"","overlay-color":"","overlay-opacity":"","overlay-gradient":""}}},"_links":{"self":[{"href":"https:\/\/virtuel.univ-bouira.dz\/bourses_fsecsg\/index.php?rest_route=\/wp\/v2\/pages\/2262"}],"collection":[{"href":"https:\/\/virtuel.univ-bouira.dz\/bourses_fsecsg\/index.php?rest_route=\/wp\/v2\/pages"}],"about":[{"href":"https:\/\/virtuel.univ-bouira.dz\/bourses_fsecsg\/index.php?rest_route=\/wp\/v2\/types\/page"}],"author":[{"embeddable":true,"href":"https:\/\/virtuel.univ-bouira.dz\/bourses_fsecsg\/index.php?rest_route=\/wp\/v2\/users\/1"}],"replies":[{"embeddable":true,"href":"https:\/\/virtuel.univ-bouira.dz\/bourses_fsecsg\/index.php?rest_route=%2Fwp%2Fv2%2Fcomments&post=2262"}],"version-history":[{"count":262,"href":"https:\/\/virtuel.univ-bouira.dz\/bourses_fsecsg\/index.php?rest_route=\/wp\/v2\/pages\/2262\/revisions"}],"predecessor-version":[{"id":20640,"href":"https:\/\/virtuel.univ-bouira.dz\/bourses_fsecsg\/index.php?rest_route=\/wp\/v2\/pages\/2262\/revisions\/20640"}],"wp:attachment":[{"href":"https:\/\/virtuel.univ-bouira.dz\/bourses_fsecsg\/index.php?rest_route=%2Fwp%2Fv2%2Fmedia&parent=2262"}],"curies":[{"name":"wp","href":"https:\/\/api.w.org\/{rel}","templated":true}]}}